{"id":1220,"date":"2020-09-16T08:54:23","date_gmt":"2020-09-16T08:54:23","guid":{"rendered":"https:\/\/novapodlaha.sk\/index.php\/cart\/"},"modified":"2023-01-25T18:18:06","modified_gmt":"2023-01-25T18:18:06","slug":"cart","status":"publish","type":"page","link":"https:\/\/novapodlaha.sk\/index.php\/cart\/","title":{"rendered":"Ko\u0161\u00edk"},"content":{"rendered":"\n<div class=\"inherit-container-width wp-block-group alignfull is-layout-constrained wp-block-group-is-layout-constrained\"><div class=\"wp-block-group__inner-container\">\n<h1 class=\"has-text-align-center wp-block-heading\">Ko\u0161\u00edk<\/h1>\n\n\n\n<\/div><\/div>\n","protected":false},"excerpt":{"rendered":"<p>Ko\u0161\u00edk<\/p>\n","protected":false},"author":1,"featured_media":0,"parent":0,"menu_order":0,"comment_status":"closed","ping_status":"closed","template":"","meta":{"_uag_custom_page_level_css":"","site-sidebar-layout":"no-sidebar","site-content-layout":"plain-container","ast-global-header-display":"","ast-main-header-display":"","ast-hfb-above-header-display":"","ast-hfb-below-header-display":"","ast-hfb-mobile-header-display":"","site-post-title":"disabled","ast-breadcrumbs-content":"","ast-featured-img":"","footer-sml-layout":"","theme-transparent-header-meta":"disabled","adv-header-id-meta":"","stick-header-meta":"","header-above-stick-meta":"","header-main-stick-meta":"","header-below-stick-meta":"","footnotes":""},"yoast_head":"<!-- This site is optimized with the Yoast SEO plugin v21.5 - https:\/\/yoast.com\/wordpress\/plugins\/seo\/ -->\n<title>Ko\u0161\u00edk - Nova podlaha<\/title>\n<meta name=\"robots\" content=\"index, follow, max-snippet:-1, max-image-preview:large, max-video-preview:-1\" \/>\n<link rel=\"canonical\" href=\"https:\/\/novapodlaha.sk\/index.php\/cart\/\" \/>\n<meta property=\"og:locale\" content=\"sk_SK\" \/>\n<meta property=\"og:type\" content=\"article\" \/>\n<meta property=\"og:title\" content=\"Ko\u0161\u00edk - Nova podlaha\" \/>\n<meta property=\"og:description\" content=\"Ko\u0161\u00edk\" \/>\n<meta property=\"og:url\" content=\"https:\/\/novapodlaha.sk\/index.php\/cart\/\" \/>\n<meta property=\"og:site_name\" content=\"Nova podlaha\" \/>\n<meta property=\"article:modified_time\" content=\"2023-01-25T18:18:06+00:00\" \/>\n<meta name=\"twitter:card\" content=\"summary_large_image\" \/>\n<meta name=\"twitter:label1\" content=\"Predpokladan\u00fd \u010das \u010d\u00edtania\" \/>\n\t<meta name=\"twitter:data1\" content=\"1 min\u00fata\" \/>\n<script type=\"application\/ld+json\" class=\"yoast-schema-graph\">{\"@context\":\"https:\/\/schema.org\",\"@graph\":[{\"@type\":\"WebPage\",\"@id\":\"https:\/\/novapodlaha.sk\/index.php\/cart\/\",\"url\":\"https:\/\/novapodlaha.sk\/index.php\/cart\/\",\"name\":\"Ko\u0161\u00edk - Nova podlaha\",\"isPartOf\":{\"@id\":\"https:\/\/novapodlaha.sk\/#website\"},\"datePublished\":\"2020-09-16T08:54:23+00:00\",\"dateModified\":\"2023-01-25T18:18:06+00:00\",\"breadcrumb\":{\"@id\":\"https:\/\/novapodlaha.sk\/index.php\/cart\/#breadcrumb\"},\"inLanguage\":\"sk-SK\",\"potentialAction\":[{\"@type\":\"ReadAction\",\"target\":[\"https:\/\/novapodlaha.sk\/index.php\/cart\/\"]}]},{\"@type\":\"BreadcrumbList\",\"@id\":\"https:\/\/novapodlaha.sk\/index.php\/cart\/#breadcrumb\",\"itemListElement\":[{\"@type\":\"ListItem\",\"position\":1,\"name\":\"Home\",\"item\":\"https:\/\/novapodlaha.sk\/\"},{\"@type\":\"ListItem\",\"position\":2,\"name\":\"Ko\u0161\u00edk\"}]},{\"@type\":\"WebSite\",\"@id\":\"https:\/\/novapodlaha.sk\/#website\",\"url\":\"https:\/\/novapodlaha.sk\/\",\"name\":\"Nova podlaha\",\"description\":\"\",\"publisher\":{\"@id\":\"https:\/\/novapodlaha.sk\/#organization\"},\"potentialAction\":[{\"@type\":\"SearchAction\",\"target\":{\"@type\":\"EntryPoint\",\"urlTemplate\":\"https:\/\/novapodlaha.sk\/?s={search_term_string}\"},\"query-input\":\"required name=search_term_string\"}],\"inLanguage\":\"sk-SK\"},{\"@type\":\"Organization\",\"@id\":\"https:\/\/novapodlaha.sk\/#organization\",\"name\":\"Nova podlaha\",\"url\":\"https:\/\/novapodlaha.sk\/\",\"logo\":{\"@type\":\"ImageObject\",\"inLanguage\":\"sk-SK\",\"@id\":\"https:\/\/novapodlaha.sk\/#\/schema\/logo\/image\/\",\"url\":\"https:\/\/novapodlaha.sk\/wp-content\/uploads\/2022\/12\/cropped-cierne_180.png\",\"contentUrl\":\"https:\/\/novapodlaha.sk\/wp-content\/uploads\/2022\/12\/cropped-cierne_180.png\",\"width\":73,\"height\":71,\"caption\":\"Nova podlaha\"},\"image\":{\"@id\":\"https:\/\/novapodlaha.sk\/#\/schema\/logo\/image\/\"}}]}<\/script>\n<!-- \/ Yoast SEO plugin. -->","yoast_head_json":{"title":"Ko\u0161\u00edk - Nova podlaha","robots":{"index":"index","follow":"follow","max-snippet":"max-snippet:-1","max-image-preview":"max-image-preview:large","max-video-preview":"max-video-preview:-1"},"canonical":"https:\/\/novapodlaha.sk\/index.php\/cart\/","og_locale":"sk_SK","og_type":"article","og_title":"Ko\u0161\u00edk - Nova podlaha","og_description":"Ko\u0161\u00edk","og_url":"https:\/\/novapodlaha.sk\/index.php\/cart\/","og_site_name":"Nova podlaha","article_modified_time":"2023-01-25T18:18:06+00:00","twitter_card":"summary_large_image","twitter_misc":{"Predpokladan\u00fd \u010das \u010d\u00edtania":"1 min\u00fata"},"schema":{"@context":"https:\/\/schema.org","@graph":[{"@type":"WebPage","@id":"https:\/\/novapodlaha.sk\/index.php\/cart\/","url":"https:\/\/novapodlaha.sk\/index.php\/cart\/","name":"Ko\u0161\u00edk - Nova podlaha","isPartOf":{"@id":"https:\/\/novapodlaha.sk\/#website"},"datePublished":"2020-09-16T08:54:23+00:00","dateModified":"2023-01-25T18:18:06+00:00","breadcrumb":{"@id":"https:\/\/novapodlaha.sk\/index.php\/cart\/#breadcrumb"},"inLanguage":"sk-SK","potentialAction":[{"@type":"ReadAction","target":["https:\/\/novapodlaha.sk\/index.php\/cart\/"]}]},{"@type":"BreadcrumbList","@id":"https:\/\/novapodlaha.sk\/index.php\/cart\/#breadcrumb","itemListElement":[{"@type":"ListItem","position":1,"name":"Home","item":"https:\/\/novapodlaha.sk\/"},{"@type":"ListItem","position":2,"name":"Ko\u0161\u00edk"}]},{"@type":"WebSite","@id":"https:\/\/novapodlaha.sk\/#website","url":"https:\/\/novapodlaha.sk\/","name":"Nova podlaha","description":"","publisher":{"@id":"https:\/\/novapodlaha.sk\/#organization"},"potentialAction":[{"@type":"SearchAction","target":{"@type":"EntryPoint","urlTemplate":"https:\/\/novapodlaha.sk\/?s={search_term_string}"},"query-input":"required name=search_term_string"}],"inLanguage":"sk-SK"},{"@type":"Organization","@id":"https:\/\/novapodlaha.sk\/#organization","name":"Nova podlaha","url":"https:\/\/novapodlaha.sk\/","logo":{"@type":"ImageObject","inLanguage":"sk-SK","@id":"https:\/\/novapodlaha.sk\/#\/schema\/logo\/image\/","url":"https:\/\/novapodlaha.sk\/wp-content\/uploads\/2022\/12\/cropped-cierne_180.png","contentUrl":"https:\/\/novapodlaha.sk\/wp-content\/uploads\/2022\/12\/cropped-cierne_180.png","width":73,"height":71,"caption":"Nova podlaha"},"image":{"@id":"https:\/\/novapodlaha.sk\/#\/schema\/logo\/image\/"}}]}},"jetpack_sharing_enabled":true,"uagb_featured_image_src":{"full":false,"thumbnail":false,"medium":false,"medium_large":false,"large":false,"1536x1536":false,"2048x2048":false,"trp-custom-language-flag":false,"woocommerce_thumbnail":false,"woocommerce_single":false,"woocommerce_gallery_thumbnail":false},"uagb_author_info":{"display_name":"NovaPodlaha","author_link":"https:\/\/novapodlaha.sk\/index.php\/author\/novapodlaha\/"},"uagb_comment_info":0,"uagb_excerpt":"Ko\u0161\u00edk","jetpack-related-posts":[],"_links":{"self":[{"href":"https:\/\/novapodlaha.sk\/index.php\/wp-json\/wp\/v2\/pages\/1220"}],"collection":[{"href":"https:\/\/novapodlaha.sk\/index.php\/wp-json\/wp\/v2\/pages"}],"about":[{"href":"https:\/\/novapodlaha.sk\/index.php\/wp-json\/wp\/v2\/types\/page"}],"author":[{"embeddable":true,"href":"https:\/\/novapodlaha.sk\/index.php\/wp-json\/wp\/v2\/users\/1"}],"replies":[{"embeddable":true,"href":"https:\/\/novapodlaha.sk\/index.php\/wp-json\/wp\/v2\/comments?post=1220"}],"version-history":[{"count":3,"href":"https:\/\/novapodlaha.sk\/index.php\/wp-json\/wp\/v2\/pages\/1220\/revisions"}],"predecessor-version":[{"id":2034,"href":"https:\/\/novapodlaha.sk\/index.php\/wp-json\/wp\/v2\/pages\/1220\/revisions\/2034"}],"wp:attachment":[{"href":"https:\/\/novapodlaha.sk\/index.php\/wp-json\/wp\/v2\/media?parent=1220"}],"curies":[{"name":"wp","href":"https:\/\/api.w.org\/{rel}","templated":true}]}}