{"id":1235,"date":"2020-09-16T08:57:45","date_gmt":"2020-09-16T08:57:45","guid":{"rendered":"https:\/\/novapodlaha.sk\/index.php\/account\/"},"modified":"2023-01-25T18:18:18","modified_gmt":"2023-01-25T18:18:18","slug":"account","status":"publish","type":"page","link":"https:\/\/novapodlaha.sk\/index.php\/account\/","title":{"rendered":"M\u00f4j \u00fa\u010det"},"content":{"rendered":"\n<div class=\"wp-block-uagb-container uagb-block-349b3299 alignfull uagb-is-root-container\"><div class=\"uagb-container-inner-blocks-wrap\">\n<div class=\"wp-block-uagb-advanced-heading uagb-block-92b953e0\"><h1 class=\"uagb-heading-text\">My Account\u200b<\/h1><p class=\"uagb-desc-text\">Nam nec tellus a odio tincidunt auctor a ornare odio.<\/p><\/div>\n<\/div><\/div>\n\n\n\n<div class=\"wp-block-uagb-container uagb-block-b5e08415 alignfull uagb-is-root-container\"><div class=\"uagb-container-inner-blocks-wrap\"><div class=\"woocommerce\"><\/div>\n<\/div><\/div>\n","protected":false},"excerpt":{"rendered":"<p>My Account\u200b Nam nec tellus a odio tincidunt auctor a ornare odio.<\/p>\n","protected":false},"author":1,"featured_media":0,"parent":0,"menu_order":0,"comment_status":"closed","ping_status":"closed","template":"","meta":{"_uag_custom_page_level_css":"","site-sidebar-layout":"no-sidebar","site-content-layout":"plain-container","ast-global-header-display":"","ast-main-header-display":"","ast-hfb-above-header-display":"","ast-hfb-below-header-display":"","ast-hfb-mobile-header-display":"","site-post-title":"disabled","ast-breadcrumbs-content":"","ast-featured-img":"","footer-sml-layout":"","theme-transparent-header-meta":"disabled","adv-header-id-meta":"","stick-header-meta":"","header-above-stick-meta":"","header-main-stick-meta":"","header-below-stick-meta":"","footnotes":""},"yoast_head":"<!-- This site is optimized with the Yoast SEO plugin v21.5 - https:\/\/yoast.com\/wordpress\/plugins\/seo\/ -->\n<title>M\u00f4j \u00fa\u010det - Nova podlaha<\/title>\n<meta name=\"robots\" content=\"index, follow, max-snippet:-1, max-image-preview:large, max-video-preview:-1\" \/>\n<link rel=\"canonical\" href=\"https:\/\/novapodlaha.sk\/index.php\/account\/\" \/>\n<meta property=\"og:locale\" content=\"sk_SK\" \/>\n<meta property=\"og:type\" content=\"article\" \/>\n<meta property=\"og:title\" content=\"M\u00f4j \u00fa\u010det - Nova podlaha\" \/>\n<meta property=\"og:description\" content=\"My Account\u200b Nam nec tellus a odio tincidunt auctor a ornare odio.\" \/>\n<meta property=\"og:url\" content=\"https:\/\/novapodlaha.sk\/index.php\/account\/\" \/>\n<meta property=\"og:site_name\" content=\"Nova podlaha\" \/>\n<meta property=\"article:modified_time\" content=\"2023-01-25T18:18:18+00:00\" \/>\n<meta name=\"twitter:card\" content=\"summary_large_image\" \/>\n<meta name=\"twitter:label1\" content=\"Predpokladan\u00fd \u010das \u010d\u00edtania\" \/>\n\t<meta name=\"twitter:data1\" content=\"1 min\u00fata\" \/>\n<script type=\"application\/ld+json\" class=\"yoast-schema-graph\">{\"@context\":\"https:\/\/schema.org\",\"@graph\":[{\"@type\":\"WebPage\",\"@id\":\"https:\/\/novapodlaha.sk\/index.php\/account\/\",\"url\":\"https:\/\/novapodlaha.sk\/index.php\/account\/\",\"name\":\"M\u00f4j \u00fa\u010det - Nova podlaha\",\"isPartOf\":{\"@id\":\"https:\/\/novapodlaha.sk\/#website\"},\"datePublished\":\"2020-09-16T08:57:45+00:00\",\"dateModified\":\"2023-01-25T18:18:18+00:00\",\"breadcrumb\":{\"@id\":\"https:\/\/novapodlaha.sk\/index.php\/account\/#breadcrumb\"},\"inLanguage\":\"sk-SK\",\"potentialAction\":[{\"@type\":\"ReadAction\",\"target\":[\"https:\/\/novapodlaha.sk\/index.php\/account\/\"]}]},{\"@type\":\"BreadcrumbList\",\"@id\":\"https:\/\/novapodlaha.sk\/index.php\/account\/#breadcrumb\",\"itemListElement\":[{\"@type\":\"ListItem\",\"position\":1,\"name\":\"Home\",\"item\":\"https:\/\/novapodlaha.sk\/\"},{\"@type\":\"ListItem\",\"position\":2,\"name\":\"M\u00f4j \u00fa\u010det\"}]},{\"@type\":\"WebSite\",\"@id\":\"https:\/\/novapodlaha.sk\/#website\",\"url\":\"https:\/\/novapodlaha.sk\/\",\"name\":\"Nova podlaha\",\"description\":\"\",\"publisher\":{\"@id\":\"https:\/\/novapodlaha.sk\/#organization\"},\"potentialAction\":[{\"@type\":\"SearchAction\",\"target\":{\"@type\":\"EntryPoint\",\"urlTemplate\":\"https:\/\/novapodlaha.sk\/?s={search_term_string}\"},\"query-input\":\"required name=search_term_string\"}],\"inLanguage\":\"sk-SK\"},{\"@type\":\"Organization\",\"@id\":\"https:\/\/novapodlaha.sk\/#organization\",\"name\":\"Nova podlaha\",\"url\":\"https:\/\/novapodlaha.sk\/\",\"logo\":{\"@type\":\"ImageObject\",\"inLanguage\":\"sk-SK\",\"@id\":\"https:\/\/novapodlaha.sk\/#\/schema\/logo\/image\/\",\"url\":\"https:\/\/novapodlaha.sk\/wp-content\/uploads\/2022\/12\/cropped-cierne_180.png\",\"contentUrl\":\"https:\/\/novapodlaha.sk\/wp-content\/uploads\/2022\/12\/cropped-cierne_180.png\",\"width\":73,\"height\":71,\"caption\":\"Nova podlaha\"},\"image\":{\"@id\":\"https:\/\/novapodlaha.sk\/#\/schema\/logo\/image\/\"}}]}<\/script>\n<!-- \/ Yoast SEO plugin. -->","yoast_head_json":{"title":"M\u00f4j \u00fa\u010det - Nova podlaha","robots":{"index":"index","follow":"follow","max-snippet":"max-snippet:-1","max-image-preview":"max-image-preview:large","max-video-preview":"max-video-preview:-1"},"canonical":"https:\/\/novapodlaha.sk\/index.php\/account\/","og_locale":"sk_SK","og_type":"article","og_title":"M\u00f4j \u00fa\u010det - Nova podlaha","og_description":"My Account\u200b Nam nec tellus a odio tincidunt auctor a ornare odio.","og_url":"https:\/\/novapodlaha.sk\/index.php\/account\/","og_site_name":"Nova podlaha","article_modified_time":"2023-01-25T18:18:18+00:00","twitter_card":"summary_large_image","twitter_misc":{"Predpokladan\u00fd \u010das \u010d\u00edtania":"1 min\u00fata"},"schema":{"@context":"https:\/\/schema.org","@graph":[{"@type":"WebPage","@id":"https:\/\/novapodlaha.sk\/index.php\/account\/","url":"https:\/\/novapodlaha.sk\/index.php\/account\/","name":"M\u00f4j \u00fa\u010det - Nova podlaha","isPartOf":{"@id":"https:\/\/novapodlaha.sk\/#website"},"datePublished":"2020-09-16T08:57:45+00:00","dateModified":"2023-01-25T18:18:18+00:00","breadcrumb":{"@id":"https:\/\/novapodlaha.sk\/index.php\/account\/#breadcrumb"},"inLanguage":"sk-SK","potentialAction":[{"@type":"ReadAction","target":["https:\/\/novapodlaha.sk\/index.php\/account\/"]}]},{"@type":"BreadcrumbList","@id":"https:\/\/novapodlaha.sk\/index.php\/account\/#breadcrumb","itemListElement":[{"@type":"ListItem","position":1,"name":"Home","item":"https:\/\/novapodlaha.sk\/"},{"@type":"ListItem","position":2,"name":"M\u00f4j \u00fa\u010det"}]},{"@type":"WebSite","@id":"https:\/\/novapodlaha.sk\/#website","url":"https:\/\/novapodlaha.sk\/","name":"Nova podlaha","description":"","publisher":{"@id":"https:\/\/novapodlaha.sk\/#organization"},"potentialAction":[{"@type":"SearchAction","target":{"@type":"EntryPoint","urlTemplate":"https:\/\/novapodlaha.sk\/?s={search_term_string}"},"query-input":"required name=search_term_string"}],"inLanguage":"sk-SK"},{"@type":"Organization","@id":"https:\/\/novapodlaha.sk\/#organization","name":"Nova podlaha","url":"https:\/\/novapodlaha.sk\/","logo":{"@type":"ImageObject","inLanguage":"sk-SK","@id":"https:\/\/novapodlaha.sk\/#\/schema\/logo\/image\/","url":"https:\/\/novapodlaha.sk\/wp-content\/uploads\/2022\/12\/cropped-cierne_180.png","contentUrl":"https:\/\/novapodlaha.sk\/wp-content\/uploads\/2022\/12\/cropped-cierne_180.png","width":73,"height":71,"caption":"Nova podlaha"},"image":{"@id":"https:\/\/novapodlaha.sk\/#\/schema\/logo\/image\/"}}]}},"jetpack_sharing_enabled":true,"uagb_featured_image_src":{"full":false,"thumbnail":false,"medium":false,"medium_large":false,"large":false,"1536x1536":false,"2048x2048":false,"trp-custom-language-flag":false,"woocommerce_thumbnail":false,"woocommerce_single":false,"woocommerce_gallery_thumbnail":false},"uagb_author_info":{"display_name":"NovaPodlaha","author_link":"https:\/\/novapodlaha.sk\/index.php\/author\/novapodlaha\/"},"uagb_comment_info":0,"uagb_excerpt":"My Account\u200b Nam nec tellus a odio tincidunt auctor a ornare odio.","jetpack-related-posts":[],"_links":{"self":[{"href":"https:\/\/novapodlaha.sk\/index.php\/wp-json\/wp\/v2\/pages\/1235"}],"collection":[{"href":"https:\/\/novapodlaha.sk\/index.php\/wp-json\/wp\/v2\/pages"}],"about":[{"href":"https:\/\/novapodlaha.sk\/index.php\/wp-json\/wp\/v2\/types\/page"}],"author":[{"embeddable":true,"href":"https:\/\/novapodlaha.sk\/index.php\/wp-json\/wp\/v2\/users\/1"}],"replies":[{"embeddable":true,"href":"https:\/\/novapodlaha.sk\/index.php\/wp-json\/wp\/v2\/comments?post=1235"}],"version-history":[{"count":3,"href":"https:\/\/novapodlaha.sk\/index.php\/wp-json\/wp\/v2\/pages\/1235\/revisions"}],"predecessor-version":[{"id":2039,"href":"https:\/\/novapodlaha.sk\/index.php\/wp-json\/wp\/v2\/pages\/1235\/revisions\/2039"}],"wp:attachment":[{"href":"https:\/\/novapodlaha.sk\/index.php\/wp-json\/wp\/v2\/media?parent=1235"}],"curies":[{"name":"wp","href":"https:\/\/api.w.org\/{rel}","templated":true}]}}