{"id":61,"date":"2020-09-16T05:16:09","date_gmt":"2020-09-16T05:16:09","guid":{"rendered":"https:\/\/novapodlaha.sk\/index.php\/home\/"},"modified":"2023-01-25T18:17:39","modified_gmt":"2023-01-25T18:17:39","slug":"domov","status":"publish","type":"page","link":"https:\/\/novapodlaha.sk\/","title":{"rendered":"Domov"},"content":{"rendered":"\n<div class=\"wp-block-uagb-container uagb-block-0167ec32 alignfull uagb-is-root-container\"><div class=\"uagb-container-inner-blocks-wrap\">\n<div class=\"wp-block-uagb-container uagb-block-7ff7849f\">\n<div class=\"wp-block-uagb-advanced-heading uagb-block-0064e828\"><h1 class=\"uagb-heading-text\">Va\u0161a nov\u00e1 podlaha<br>za najlep\u0161iu cenu!<\/h1><\/div>\n\n\n\n<div class=\"wp-block-uagb-buttons uagb-buttons__outer-wrap uagb-btn__default-btn uagb-btn-tablet__default-btn uagb-btn-mobile__default-btn uagb-block-e120bad6\"><div class=\"uagb-buttons__wrap uagb-buttons-layout-wrap\">\n<div class=\"wp-block-uagb-buttons-child uagb-buttons__outer-wrap uagb-block-a252b457 wp-block-button is-style-outline\"><div class=\"uagb-button__wrapper\"><a class=\"uagb-buttons-repeater wp-block-button__link has-background has-text-color\" href=\"#\" onclick=\"return false;\" rel=\"follow noopener\" target=\"_self\"><div class=\"uagb-button__link\">do obchodu<\/div><\/a><\/div><\/div>\n\n\n\n<div class=\"wp-block-uagb-buttons-child uagb-buttons__outer-wrap uagb-block-3a563088 wp-block-button is-style-outline\"><div class=\"uagb-button__wrapper\"><a class=\"uagb-buttons-repeater wp-block-button__link has-background has-text-color\" href=\"#\" onclick=\"return false;\" rel=\"follow noopener\" target=\"_self\"><div class=\"uagb-button__link\">kontakt<\/div><\/a><\/div><\/div>\n<\/div><\/div>\n<\/div>\n<\/div><\/div>\n\n\n\n<div class=\"wp-block-uagb-container uagb-block-1a0298f1 alignfull uagb-is-root-container\"><div class=\"uagb-container-inner-blocks-wrap\">\n<div class=\"wp-block-uagb-info-box uagb-block-fb882566 uagb-infobox__content-wrap  uagb-infobox-icon-above-title uagb-infobox-image-valign-top\"><div class=\"uagb-ifb-content\"><div class=\"uagb-ifb-title-wrap\"><h2 class=\"uagb-ifb-title\"><strong>Aktu\u00e1lna ponuka<\/strong><\/h2><\/div><div class=\"uagb-ifb-separator\"><\/div><\/div><\/div>\n\n\n<div class=\"woocommerce columns-4 \"><ul class=\"products columns-4\">\n<li class=\"desktop-align-left tablet-align-left mobile-align-left product type-product post-2071 status-publish first instock product_cat-kompozitna-podlaha product_tag-afirmax product_tag-drevodekor product_tag-dub product_tag-kompozitna-podlaha product_tag-palubovka product_tag-podlozka-zdarma product_tag-struktura-dreva has-post-thumbnail sale featured shipping-taxable purchasable product-type-simple\">\n\t<\/li>\n<li class=\"desktop-align-left tablet-align-left mobile-align-left product type-product post-2067 status-publish instock product_cat-kompozitna-podlaha product_tag-afirmax product_tag-drevodekor product_tag-dub product_tag-kompozitna-podlaha product_tag-palubovka product_tag-struktura-dreva has-post-thumbnail sale featured shipping-taxable purchasable product-type-simple\">\n\t<\/li>\n<li class=\"desktop-align-left tablet-align-left mobile-align-left product type-product post-2056 status-publish instock product_cat-kompozitna-podlaha product_tag-drevodekor product_tag-dub product_tag-egger product_tag-kompozitna-podlaha product_tag-palubovka product_tag-parozabrana-zdarma product_tag-struktura-dreva has-post-thumbnail sale featured shipping-taxable purchasable product-type-simple\">\n\t<\/li>\n<li class=\"desktop-align-left tablet-align-left mobile-align-left product type-product post-2052 status-publish last instock product_cat-kompozitna-podlaha product_tag-drevodekor product_tag-dub product_tag-egger product_tag-kompozitna-podlaha product_tag-palubovka product_tag-parozabrana-zdarma product_tag-struktura-dreva has-post-thumbnail sale featured shipping-taxable purchasable product-type-simple\">\n\t<\/li>\n<li class=\"desktop-align-left tablet-align-left mobile-align-left product type-product post-2048 status-publish first instock product_cat-kompozitna-podlaha product_tag-drevodekor product_tag-dub product_tag-kompozitna-podlaha product_tag-palubovka product_tag-parador product_tag-parozabrana-zdarma product_tag-struktura-dreva has-post-thumbnail sale featured shipping-taxable purchasable product-type-simple\">\n\t<\/li>\n<li class=\"desktop-align-left tablet-align-left mobile-align-left product type-product post-1215 status-publish instock product_cat-kompozitna-podlaha product_tag-drevodekor product_tag-dub product_tag-kompozitna-podlaha product_tag-palubovka product_tag-parador product_tag-parozabrana-zdarma product_tag-struktura-dreva has-post-thumbnail sale featured shipping-taxable purchasable product-type-simple\">\n\t<\/li>\n<\/ul>\n<\/div>\n<\/div><\/div>\n\n\n\n<div class=\"wp-block-uagb-container uagb-block-510d4ba0 alignfull uagb-is-root-container\"><div class=\"uagb-container-inner-blocks-wrap\">\n<div class=\"wp-block-uagb-container uagb-block-0e7c6638\">\n<div class=\"wp-block-uagb-container uagb-block-da8f4463\">\n<div class=\"wp-block-uagb-image uagb-block-1afbd00c wp-block-uagb-image--layout-default wp-block-uagb-image--effect-static wp-block-uagb-image--align-left\"><figure class=\"wp-block-uagb-image__figure\"><img decoding=\"async\" srcset=\"https:\/\/novapodlaha.sk\/wp-content\/uploads\/2022\/12\/parador_logo-1.jpg ,https:\/\/novapodlaha.sk\/wp-content\/uploads\/2021\/03\/logo-5.svg 780w, https:\/\/novapodlaha.sk\/wp-content\/uploads\/2021\/03\/logo-5.svg 360w\" src=\"https:\/\/novapodlaha.sk\/wp-content\/uploads\/2022\/12\/parador_logo-1.jpg\" alt=\"\" class=\"uag-image-1969\" width=\"\" height=\"\" title=\"\" loading=\"lazy\"\/><\/figure><\/div>\n<\/div>\n\n\n\n<div class=\"wp-block-uagb-container uagb-block-18b5cf9e\">\n<div class=\"wp-block-uagb-image uagb-block-e50a030a wp-block-uagb-image--layout-default wp-block-uagb-image--effect-static wp-block-uagb-image--align-left\"><figure class=\"wp-block-uagb-image__figure\"><img decoding=\"async\" srcset=\"https:\/\/novapodlaha.sk\/wp-content\/uploads\/2022\/12\/egger_logo-1.png ,https:\/\/novapodlaha.sk\/wp-content\/uploads\/2021\/03\/logo-4.svg 780w, https:\/\/novapodlaha.sk\/wp-content\/uploads\/2021\/03\/logo-4.svg 360w\" src=\"https:\/\/novapodlaha.sk\/wp-content\/uploads\/2022\/12\/egger_logo-1.png\" alt=\"\" class=\"uag-image-1967\" width=\"\" height=\"\" title=\"\" loading=\"lazy\"\/><\/figure><\/div>\n<\/div>\n\n\n\n<div class=\"wp-block-uagb-container uagb-block-d896b913\">\n<div class=\"wp-block-uagb-image uagb-block-3f510b11 wp-block-uagb-image--layout-default wp-block-uagb-image--effect-static wp-block-uagb-image--align-left\"><figure class=\"wp-block-uagb-image__figure\"><img decoding=\"async\" srcset=\"https:\/\/novapodlaha.sk\/wp-content\/uploads\/2022\/12\/kronooriginal_logo-1.jpg ,https:\/\/novapodlaha.sk\/wp-content\/uploads\/2021\/03\/logo-3.svg 780w, https:\/\/novapodlaha.sk\/wp-content\/uploads\/2021\/03\/logo-3.svg 360w\" src=\"https:\/\/novapodlaha.sk\/wp-content\/uploads\/2022\/12\/kronooriginal_logo-1.jpg\" alt=\"\" class=\"uag-image-1968\" width=\"\" height=\"\" title=\"\" loading=\"lazy\"\/><\/figure><\/div>\n<\/div>\n\n\n\n<div class=\"wp-block-uagb-container uagb-block-3834946f\">\n<div class=\"wp-block-uagb-image uagb-block-1444026c wp-block-uagb-image--layout-default wp-block-uagb-image--effect-static wp-block-uagb-image--align-left\"><figure class=\"wp-block-uagb-image__figure\"><img decoding=\"async\" srcset=\"https:\/\/novapodlaha.sk\/wp-content\/uploads\/2022\/12\/afirmax_logo_1.jpg ,https:\/\/novapodlaha.sk\/wp-content\/uploads\/2021\/03\/logo-2.svg 780w, https:\/\/novapodlaha.sk\/wp-content\/uploads\/2021\/03\/logo-2.svg 360w\" src=\"https:\/\/novapodlaha.sk\/wp-content\/uploads\/2022\/12\/afirmax_logo_1.jpg\" alt=\"\" class=\"uag-image-1988\" width=\"\" height=\"\" title=\"\" loading=\"lazy\"\/><\/figure><\/div>\n<\/div>\n\n\n\n<div class=\"wp-block-uagb-container uagb-block-252187e2\">\n<div class=\"wp-block-uagb-image uagb-block-1f3bb20a wp-block-uagb-image--layout-default wp-block-uagb-image--effect-static wp-block-uagb-image--align-left\"><figure class=\"wp-block-uagb-image__figure\"><img decoding=\"async\" srcset=\"https:\/\/novapodlaha.sk\/wp-content\/uploads\/2021\/03\/logo-1.svg ,https:\/\/novapodlaha.sk\/wp-content\/uploads\/2021\/03\/logo-1.svg 780w, https:\/\/novapodlaha.sk\/wp-content\/uploads\/2021\/03\/logo-1.svg 360w\" src=\"https:\/\/novapodlaha.sk\/wp-content\/uploads\/2021\/03\/logo-1.svg\" alt=\"\" class=\"uag-image-1344\" width=\"\" height=\"\" title=\"\" loading=\"lazy\"\/><\/figure><\/div>\n<\/div>\n<\/div>\n\n\n\n<div class=\"wp-block-uagb-container uagb-block-bd01e3c4\">\n<div class=\"wp-block-uagb-container uagb-block-40bc9c7a\"><\/div>\n\n\n\n<div class=\"wp-block-uagb-container uagb-block-bc7ea120\"><\/div>\n\n\n\n<div class=\"wp-block-uagb-container uagb-block-428c7fc5\"><\/div>\n<\/div>\n<\/div><\/div>\n\n\n\n<div class=\"wp-block-uagb-container uagb-block-934e4810 alignfull uagb-is-root-container\"><div class=\"uagb-container-inner-blocks-wrap\">\n<div class=\"wp-block-uagb-container uagb-block-ad1ca066\">\n<div class=\"wp-block-uagb-advanced-heading uagb-block-7213b155\"><h4 class=\"uagb-heading-text\">Limited Time Offer\u200b<\/h4><\/div>\n\n\n\n<div class=\"wp-block-uagb-info-box uagb-block-743485fd uagb-infobox__content-wrap  uagb-infobox-icon-above-title uagb-infobox-image-valign-top\"><div class=\"uagb-ifb-content\"><div class=\"uagb-ifb-title-wrap\"><span class=\"uagb-ifb-title-prefix\">Special Edition\u200b<\/span><h3 class=\"uagb-ifb-title\">Lorem ipsum dolor sit amet, consectetur adipiscing elit. Ut elit tellus, luctus nec ullamcorper mattis, pulvinar dapibus leo.\u200b<\/h3><\/div><p class=\"uagb-ifb-desc\">Buy This T-shirt At 20% Discount, Use Code OFF20\u200b<\/p><div class=\"uagb-ifb-button-wrapper wp-block-button\"><a href=\"#\" class=\"uagb-infobox-cta-link wp-block-button__link\" target=\"_self\" rel=\"noopener noreferrer\" alt=\"\"><span class=\"uagb-inline-editing\">Read More<\/span><\/a><\/div><\/div><\/div>\n<\/div>\n<\/div><\/div>\n\n\n\n<div class=\"wp-block-uagb-container uagb-block-5dede54b alignfull uagb-is-root-container\"><div class=\"uagb-container-inner-blocks-wrap\">\n<div class=\"wp-block-uagb-container uagb-block-e8e49b7e\">\n<div class=\"wp-block-uagb-container uagb-block-12d257f4\">\n<div class=\"wp-block-uagb-info-box uagb-block-2c2dda04 uagb-infobox__content-wrap  uagb-infobox-icon-above-title uagb-infobox-image-valign-top\"><div class=\"uagb-ifb-content\"><div class=\"uagb-ifb-image-content\"><img decoding=\"async\" src=\"https:\/\/novapodlaha.sk\/wp-content\/uploads\/2020\/09\/globe-free-img.png\" alt=\"\" width=\"60\" height=\"60\" loading=\"lazy\"\/><\/div><div class=\"uagb-ifb-title-wrap\"><h6 class=\"uagb-ifb-title\">DOPRAVA  ZDARMA V CELEJ SR<\/h6><\/div><\/div><\/div>\n<\/div>\n\n\n\n<div class=\"wp-block-uagb-container uagb-block-47fcd4f1\">\n<div class=\"wp-block-uagb-info-box uagb-block-6a26a47a uagb-infobox__content-wrap  uagb-infobox-icon-above-title uagb-infobox-image-valign-top\"><div class=\"uagb-ifb-content\"><div class=\"uagb-ifb-image-content\"><img decoding=\"async\" src=\"https:\/\/novapodlaha.sk\/wp-content\/uploads\/2020\/09\/quality-free-img.png\" alt=\"\" width=\"60\" height=\"60\" loading=\"lazy\"\/><\/div><div class=\"uagb-ifb-title-wrap\"><h6 class=\"uagb-ifb-title\">BEST QUALITY<\/h6><\/div><p class=\"uagb-ifb-desc\">It elit tellus, luctus nec ullamcorper mattis, pulvinar dapibus leo.\u200b<\/p><\/div><\/div>\n<\/div>\n\n\n\n<div class=\"wp-block-uagb-container uagb-block-5bdfb2e0\">\n<div class=\"wp-block-uagb-info-box uagb-block-ac2860a3 uagb-infobox__content-wrap  uagb-infobox-icon-above-title uagb-infobox-image-valign-top\"><div class=\"uagb-ifb-content\"><div class=\"uagb-ifb-image-content\"><img decoding=\"async\" src=\"https:\/\/novapodlaha.sk\/wp-content\/uploads\/2020\/09\/tag-free-img.png\" alt=\"\" width=\"60\" height=\"60\" loading=\"lazy\"\/><\/div><div class=\"uagb-ifb-title-wrap\"><h6 class=\"uagb-ifb-title\">BEST OFFERS<\/h6><\/div><p class=\"uagb-ifb-desc\">It elit tellus, luctus nec ullamcorper mattis, pulvinar dapibus leo.\u200b<\/p><\/div><\/div>\n<\/div>\n\n\n\n<div class=\"wp-block-uagb-container uagb-block-7fe533ce\">\n<div class=\"wp-block-uagb-info-box uagb-block-32de2fce uagb-infobox__content-wrap  uagb-infobox-icon-above-title uagb-infobox-image-valign-top\"><div class=\"uagb-ifb-content\"><div class=\"uagb-ifb-image-content\"><img decoding=\"async\" src=\"https:\/\/novapodlaha.sk\/wp-content\/uploads\/2020\/09\/lock-free-img.png\" alt=\"\" width=\"60\" height=\"60\" loading=\"lazy\"\/><\/div><div class=\"uagb-ifb-title-wrap\"><h6 class=\"uagb-ifb-title\">SECURE PAYMENTS<\/h6><\/div><p class=\"uagb-ifb-desc\">It elit tellus, luctus nec ullamcorper mattis, pulvinar dapibus leo.\u200b<\/p><\/div><\/div>\n<\/div>\n<\/div>\n<\/div><\/div>\n","protected":false},"excerpt":{"rendered":"<p>Va\u0161a nov\u00e1 podlahaza najlep\u0161iu cenu! Limited Time Offer\u200b<\/p>\n","protected":false},"author":1,"featured_media":0,"parent":0,"menu_order":0,"comment_status":"closed","ping_status":"closed","template":"","meta":{"_uag_custom_page_level_css":"","site-sidebar-layout":"no-sidebar","site-content-layout":"plain-container","ast-global-header-display":"","ast-main-header-display":"","ast-hfb-above-header-display":"","ast-hfb-below-header-display":"","ast-hfb-mobile-header-display":"","site-post-title":"disabled","ast-breadcrumbs-content":"","ast-featured-img":"","footer-sml-layout":"","theme-transparent-header-meta":"enabled","adv-header-id-meta":"","stick-header-meta":"","header-above-stick-meta":"","header-main-stick-meta":"","header-below-stick-meta":"","footnotes":""},"yoast_head":"<!-- This site is optimized with the Yoast SEO plugin v21.5 - https:\/\/yoast.com\/wordpress\/plugins\/seo\/ -->\n<title>Nov\u00e1 podlaha za najlep\u0161iu cenu | novapodlaha.sk<\/title>\n<meta name=\"description\" content=\"Va\u0161a nov\u00e1 podlaha za najlep\u0161iu cenu! | Parador | Egger | KronoOriginal | Afirmax | DOVOZ ZDARMA | 0911 190 227 | obchod@novapodlaha.sk\" \/>\n<meta name=\"robots\" content=\"index, follow, max-snippet:-1, max-image-preview:large, max-video-preview:-1\" \/>\n<link rel=\"canonical\" href=\"https:\/\/novapodlaha.sk\/\" \/>\n<meta property=\"og:locale\" content=\"sk_SK\" \/>\n<meta property=\"og:type\" content=\"article\" \/>\n<meta property=\"og:title\" content=\"Nov\u00e1 podlaha za najlep\u0161iu cenu | novapodlaha.sk\" \/>\n<meta property=\"og:description\" content=\"Va\u0161a nov\u00e1 podlaha za najlep\u0161iu cenu! | Parador | Egger | KronoOriginal | Afirmax | DOVOZ ZDARMA | 0911 190 227 | obchod@novapodlaha.sk\" \/>\n<meta property=\"og:url\" content=\"https:\/\/novapodlaha.sk\/\" \/>\n<meta property=\"og:site_name\" content=\"Nova podlaha\" \/>\n<meta property=\"article:modified_time\" content=\"2023-01-25T18:17:39+00:00\" \/>\n<meta property=\"og:image\" content=\"https:\/\/novapodlaha.sk\/wp-content\/uploads\/2022\/12\/parador_logo-1.jpg\" \/>\n<meta name=\"twitter:card\" content=\"summary_large_image\" \/>\n<meta name=\"twitter:label1\" content=\"Predpokladan\u00fd \u010das \u010d\u00edtania\" \/>\n\t<meta name=\"twitter:data1\" content=\"3 min\u00faty\" \/>\n<script type=\"application\/ld+json\" class=\"yoast-schema-graph\">{\"@context\":\"https:\/\/schema.org\",\"@graph\":[{\"@type\":\"WebPage\",\"@id\":\"https:\/\/novapodlaha.sk\/\",\"url\":\"https:\/\/novapodlaha.sk\/\",\"name\":\"Nov\u00e1 podlaha za najlep\u0161iu cenu | novapodlaha.sk\",\"isPartOf\":{\"@id\":\"https:\/\/novapodlaha.sk\/#website\"},\"datePublished\":\"2020-09-16T05:16:09+00:00\",\"dateModified\":\"2023-01-25T18:17:39+00:00\",\"description\":\"Va\u0161a nov\u00e1 podlaha za najlep\u0161iu cenu! | Parador | Egger | KronoOriginal | Afirmax | DOVOZ ZDARMA | 0911 190 227 | obchod@novapodlaha.sk\",\"breadcrumb\":{\"@id\":\"https:\/\/novapodlaha.sk\/#breadcrumb\"},\"inLanguage\":\"sk-SK\",\"potentialAction\":[{\"@type\":\"ReadAction\",\"target\":[\"https:\/\/novapodlaha.sk\/\"]}]},{\"@type\":\"BreadcrumbList\",\"@id\":\"https:\/\/novapodlaha.sk\/#breadcrumb\",\"itemListElement\":[{\"@type\":\"ListItem\",\"position\":1,\"name\":\"Home\",\"item\":\"https:\/\/novapodlaha.sk\/\"},{\"@type\":\"ListItem\",\"position\":2,\"name\":\"Domov\"}]},{\"@type\":\"WebSite\",\"@id\":\"https:\/\/novapodlaha.sk\/#website\",\"url\":\"https:\/\/novapodlaha.sk\/\",\"name\":\"Nova podlaha\",\"description\":\"\",\"publisher\":{\"@id\":\"https:\/\/novapodlaha.sk\/#organization\"},\"potentialAction\":[{\"@type\":\"SearchAction\",\"target\":{\"@type\":\"EntryPoint\",\"urlTemplate\":\"https:\/\/novapodlaha.sk\/?s={search_term_string}\"},\"query-input\":\"required name=search_term_string\"}],\"inLanguage\":\"sk-SK\"},{\"@type\":\"Organization\",\"@id\":\"https:\/\/novapodlaha.sk\/#organization\",\"name\":\"Nova podlaha\",\"url\":\"https:\/\/novapodlaha.sk\/\",\"logo\":{\"@type\":\"ImageObject\",\"inLanguage\":\"sk-SK\",\"@id\":\"https:\/\/novapodlaha.sk\/#\/schema\/logo\/image\/\",\"url\":\"https:\/\/novapodlaha.sk\/wp-content\/uploads\/2022\/12\/cropped-cierne_180.png\",\"contentUrl\":\"https:\/\/novapodlaha.sk\/wp-content\/uploads\/2022\/12\/cropped-cierne_180.png\",\"width\":73,\"height\":71,\"caption\":\"Nova podlaha\"},\"image\":{\"@id\":\"https:\/\/novapodlaha.sk\/#\/schema\/logo\/image\/\"}}]}<\/script>\n<!-- \/ Yoast SEO plugin. -->","yoast_head_json":{"title":"Nov\u00e1 podlaha za najlep\u0161iu cenu | novapodlaha.sk","description":"Va\u0161a nov\u00e1 podlaha za najlep\u0161iu cenu! | Parador | Egger | KronoOriginal | Afirmax | DOVOZ ZDARMA | 0911 190 227 | obchod@novapodlaha.sk","robots":{"index":"index","follow":"follow","max-snippet":"max-snippet:-1","max-image-preview":"max-image-preview:large","max-video-preview":"max-video-preview:-1"},"canonical":"https:\/\/novapodlaha.sk\/","og_locale":"sk_SK","og_type":"article","og_title":"Nov\u00e1 podlaha za najlep\u0161iu cenu | novapodlaha.sk","og_description":"Va\u0161a nov\u00e1 podlaha za najlep\u0161iu cenu! | Parador | Egger | KronoOriginal | Afirmax | DOVOZ ZDARMA | 0911 190 227 | obchod@novapodlaha.sk","og_url":"https:\/\/novapodlaha.sk\/","og_site_name":"Nova podlaha","article_modified_time":"2023-01-25T18:17:39+00:00","og_image":[{"url":"https:\/\/novapodlaha.sk\/wp-content\/uploads\/2022\/12\/parador_logo-1.jpg"}],"twitter_card":"summary_large_image","twitter_misc":{"Predpokladan\u00fd \u010das \u010d\u00edtania":"3 min\u00faty"},"schema":{"@context":"https:\/\/schema.org","@graph":[{"@type":"WebPage","@id":"https:\/\/novapodlaha.sk\/","url":"https:\/\/novapodlaha.sk\/","name":"Nov\u00e1 podlaha za najlep\u0161iu cenu | novapodlaha.sk","isPartOf":{"@id":"https:\/\/novapodlaha.sk\/#website"},"datePublished":"2020-09-16T05:16:09+00:00","dateModified":"2023-01-25T18:17:39+00:00","description":"Va\u0161a nov\u00e1 podlaha za najlep\u0161iu cenu! | Parador | Egger | KronoOriginal | Afirmax | DOVOZ ZDARMA | 0911 190 227 | obchod@novapodlaha.sk","breadcrumb":{"@id":"https:\/\/novapodlaha.sk\/#breadcrumb"},"inLanguage":"sk-SK","potentialAction":[{"@type":"ReadAction","target":["https:\/\/novapodlaha.sk\/"]}]},{"@type":"BreadcrumbList","@id":"https:\/\/novapodlaha.sk\/#breadcrumb","itemListElement":[{"@type":"ListItem","position":1,"name":"Home","item":"https:\/\/novapodlaha.sk\/"},{"@type":"ListItem","position":2,"name":"Domov"}]},{"@type":"WebSite","@id":"https:\/\/novapodlaha.sk\/#website","url":"https:\/\/novapodlaha.sk\/","name":"Nova podlaha","description":"","publisher":{"@id":"https:\/\/novapodlaha.sk\/#organization"},"potentialAction":[{"@type":"SearchAction","target":{"@type":"EntryPoint","urlTemplate":"https:\/\/novapodlaha.sk\/?s={search_term_string}"},"query-input":"required name=search_term_string"}],"inLanguage":"sk-SK"},{"@type":"Organization","@id":"https:\/\/novapodlaha.sk\/#organization","name":"Nova podlaha","url":"https:\/\/novapodlaha.sk\/","logo":{"@type":"ImageObject","inLanguage":"sk-SK","@id":"https:\/\/novapodlaha.sk\/#\/schema\/logo\/image\/","url":"https:\/\/novapodlaha.sk\/wp-content\/uploads\/2022\/12\/cropped-cierne_180.png","contentUrl":"https:\/\/novapodlaha.sk\/wp-content\/uploads\/2022\/12\/cropped-cierne_180.png","width":73,"height":71,"caption":"Nova podlaha"},"image":{"@id":"https:\/\/novapodlaha.sk\/#\/schema\/logo\/image\/"}}]}},"jetpack_sharing_enabled":true,"uagb_featured_image_src":{"full":false,"thumbnail":false,"medium":false,"medium_large":false,"large":false,"1536x1536":false,"2048x2048":false,"trp-custom-language-flag":false,"woocommerce_thumbnail":false,"woocommerce_single":false,"woocommerce_gallery_thumbnail":false},"uagb_author_info":{"display_name":"NovaPodlaha","author_link":"https:\/\/novapodlaha.sk\/index.php\/author\/novapodlaha\/"},"uagb_comment_info":0,"uagb_excerpt":"Va\u0161a nov\u00e1 podlahaza najlep\u0161iu cenu! Limited Time Offer\u200b","jetpack-related-posts":[],"_links":{"self":[{"href":"https:\/\/novapodlaha.sk\/index.php\/wp-json\/wp\/v2\/pages\/61"}],"collection":[{"href":"https:\/\/novapodlaha.sk\/index.php\/wp-json\/wp\/v2\/pages"}],"about":[{"href":"https:\/\/novapodlaha.sk\/index.php\/wp-json\/wp\/v2\/types\/page"}],"author":[{"embeddable":true,"href":"https:\/\/novapodlaha.sk\/index.php\/wp-json\/wp\/v2\/users\/1"}],"replies":[{"embeddable":true,"href":"https:\/\/novapodlaha.sk\/index.php\/wp-json\/wp\/v2\/comments?post=61"}],"version-history":[{"count":11,"href":"https:\/\/novapodlaha.sk\/index.php\/wp-json\/wp\/v2\/pages\/61\/revisions"}],"predecessor-version":[{"id":2011,"href":"https:\/\/novapodlaha.sk\/index.php\/wp-json\/wp\/v2\/pages\/61\/revisions\/2011"}],"wp:attachment":[{"href":"https:\/\/novapodlaha.sk\/index.php\/wp-json\/wp\/v2\/media?parent=61"}],"curies":[{"name":"wp","href":"https:\/\/api.w.org\/{rel}","templated":true}]}}