{"id":1215,"date":"2020-02-17T09:57:14","date_gmt":"2020-02-17T09:57:14","guid":{"rendered":"https:\/\/novapodlaha.sk\/index.php\/product\/dnk-black-shoes\/"},"modified":"2023-01-26T21:27:11","modified_gmt":"2023-01-26T21:27:11","slug":"parador_modular_one_1730766_dub_pure_prirodny","status":"publish","type":"product","link":"https:\/\/novapodlaha.sk\/index.php\/product\/parador_modular_one_1730766_dub_pure_prirodny\/","title":{"rendered":"Parador Modular ONE 1730766 Dub Pure pr\u00edrodn\u00fd + paroz\u00e1brana ZDARMA"},"content":{"rendered":"<h2 style=\"text-align: left;\"><span style=\"color: #993366;\"><strong>Modular ONE Dub Pure pr\u00edrodn\u00fd 1730766 + paroz\u00e1brana ZDARMA<\/strong><\/span><\/h2>\n<p>Modular ONE\u00a0<b>Dub Pure pr\u00edrodn\u00fd<\/b>\u00a01730766 je kompozitn\u00e1 podlaha v\u00fdrobcu Parador, ktor\u00e1 sp\u013a\u0148a po\u017eiadavky aj t\u00fdch najn\u00e1ro\u010dnej\u0161\u00edch z\u00e1kazn\u00edkov. Rada podl\u00e1h Modular ONE je nov\u00fdm \u0161tandardom kvalitn\u00e9ho a zdrav\u00e9ho b\u00fdvania s pr\u00edrodn\u00fdmi vysoko odoln\u00fdmi podlahami bez zm\u00e4k\u010dovadiel. T\u00e1to podlaha je ide\u00e1lna do cel\u00e9ho interi\u00e9ru vr\u00e1tane kuchyne a k\u00fape\u013ene v\u010faka \u0161peci\u00e1lnej nosnej doske s vodeodolnou \u00fapravou (ochrana podlahy aj pri stojatej vode v miestnosti dlh\u0161ie ako \u0161tyri hodiny) a povrchom s trvanlivou polypropyl\u00e9novou vrstvou.<span class=\"Apple-converted-space\">\u00a0<\/span>Kolekcia podl\u00e1h Modular ONE p\u00f4sob\u00ed svoj\u00edm autentick\u00fdm vzh\u013eadom pr\u00edjemne na vzh\u013ead aj na dotyk. Dokonale kop\u00edruje \u0161trukt\u00faru dreva. Integrovan\u00e1 korkov\u00e1 podlo\u017eka tlm\u00ed kroky a vytv\u00e1ra pr\u00edjemn\u00fd tepl\u00fd pocit a pohodlie.<span class=\"Apple-converted-space\">\u00a0<\/span><\/p>\n<p>Modular ONE\u00a0<b>Dub Pure pr\u00edrodn\u00fd<\/b>\u00a01730766 je jednoduch\u00e1 na mont\u00e1\u017e<span class=\"Apple-converted-space\">\u00a0 <\/span>a vhodn\u00e1 aj na nerovn\u00e9 povrchy (prekrytie dla\u017eieb, pri renov\u00e1cii). T\u00e1to podlaha je dostato\u010dne tvrd\u00e1 a pevn\u00e1, preto nekop\u00edruje \u017eiadne nerovnosti podkladu. Umo\u017e\u0148uje pokl\u00e1dku bez dilat\u00e1cie a\u017e 240 m2. Kompozitn\u00e9 podlahy Parador Modular ONE maj\u00fa integrovan\u00fa korkov\u00fa podlo\u017eku, preto pri pokl\u00e1dke sta\u010d\u00ed pou\u017ei\u0165 u\u017e len paroz\u00e1branu.<\/p>\n<p>Kompozitn\u00e1 podlaha Parador <b>Dub Pure pr\u00edrodn\u00fd<\/b>\u00a01730766 je celo\u017eivotn\u00e1 l\u00e1ska \u2013 kto ju vysk\u00fa\u0161a, in\u00fa u\u017e nebude chcie\u0165. Svojimi vlastnos\u0165ami sa zara\u010fuje medzi to najlep\u0161ie, \u010do trh pon\u00faka.<\/p>\n<ul>\n<li>prirodzene vodeodoln\u00e1 \u2013 vhodn\u00e1 do kuch\u00fd\u0148, k\u00fape\u013en\u00ed, vstupn\u00fdch h\u00e1l, re\u0161taur\u00e1ci\u00ed, hotelov<\/li>\n<li>\u017eiadne chemick\u00e9 pr\u00edsady \u2013 100% bez ftal\u00e1tov<\/li>\n<li>plne recyklovate\u013en\u00e1<\/li>\n<li>antibakteri\u00e1lna<\/li>\n<li>odoln\u00e1 vo\u010di mikro\u0161krabancom a \u0161kvrn\u00e1m<\/li>\n<li>tvarov\u00e1 st\u00e1los\u0165 \u2013 minim\u00e1lne zmeny tvaru pri zmen\u00e1ch tepl\u00f4t<\/li>\n<li>tich\u00e1 a tepl\u00e1 \u2013 ide\u00e1lna podlaha na podlahov\u00e9 k\u00farenie<\/li>\n<li>4-strann\u00e1 mini V dr\u00e1\u017eka<\/li>\n<li>ochrana pred napu\u010dan\u00edm &#8211; impregna\u010dn\u00e1 vrstva pre ochranu hr\u00e1n<\/li>\n<li>prirodzen\u00fd vzh\u013ead a povrch dreva<\/li>\n<li>presn\u00e1, jednoduch\u00e1 a bezpe\u010dn\u00e1 in\u0161tal\u00e1cia<\/li>\n<\/ul>\n<p>Vybran\u00fd model Dub Pure pr\u00edrodn\u00fd 1730766 je v dizajne drevodekoru. \u0160trukt\u00fara dreva je aj na dotyk re\u00e1lna, je vidite\u013en\u00e1 vo\u013en\u00fdm okom pri priamom dopade svetla. Kone\u010dn\u00e1 matn\u00e1 \u00faprava len pod\u010diarkuje pr\u00edrodn\u00fd vzh\u013ead. Jednoducho, dokonalos\u0165 v celej svojej kr\u00e1se.<\/p>\n<h5 style=\"text-align: center;\"><strong>Pri objedn\u00e1vke nad 180 Eur s DPH zabezpe\u010dujeme DOPRAVU ZDARMA V R\u00c1MCI CELEJ SR!<\/strong><\/h5>\n<h5 style=\"text-align: center;\"><span style=\"color: #993366;\">Za ka\u017ed\u00fdch objednan\u00fdch 20 m2 podlahy dostanete ZDARMA 20 m2 paroz\u00e1brany (PE f\u00f3lia 0,2 mm)<\/span><\/h5>\n<p>&nbsp;<\/p>\n","protected":false},"excerpt":{"rendered":"<h5><span style=\"color: #993366;\">Uveden\u00e1 cena je za 1 balenie = 2,493 m2 (cena za m2 = 37,90 Eur)<\/span><\/h5>\n<p>Vyberte si po\u010det balen\u00ed<\/p>\n<ul>\n<li>Kompozitn\u00e1 podlaha + paroz\u00e1brana ZDARMA<\/li>\n<li>Form\u00e1t: 1285 x 194 x 8 mm<\/li>\n<li>Trieda z\u00e1\u0165a\u017ee: 23\/33<\/li>\n<li>Vzor: 1 &#8211; lamela<\/li>\n<li>Dr\u00e1\u017eka &#8211; Mini 4V<\/li>\n<\/ul>\n","protected":false},"featured_media":2063,"comment_status":"open","ping_status":"closed","template":"","meta":{"_uag_custom_page_level_css":"","site-sidebar-layout":"default","site-content-layout":"default","ast-global-header-display":"","ast-main-header-display":"","ast-hfb-above-header-display":"","ast-hfb-below-header-display":"","ast-hfb-mobile-header-display":"","site-post-title":"","ast-breadcrumbs-content":"","ast-featured-img":"","footer-sml-layout":"","theme-transparent-header-meta":"default","adv-header-id-meta":"","stick-header-meta":"default","header-above-stick-meta":"","header-main-stick-meta":"","header-below-stick-meta":""},"product_cat":[55],"product_tag":[61,63,60,62,59,66,64],"yoast_head":"<!-- This site is optimized with the Yoast SEO plugin v21.5 - https:\/\/yoast.com\/wordpress\/plugins\/seo\/ -->\n<title>Parador Modular One Dub Pure pr\u00edrodn\u00fd | 37,90 Eur<\/title>\n<meta name=\"description\" content=\"Parador Modular One Dub Pure pr\u00edrodn\u00fd 1730766 | 37,90 Eur\/m2 | kompozitn\u00e1 podlaha | Dovoz ZDARMA V SR | +421 911 190 227 | obchod@novapodlaha.sk\" \/>\n<meta name=\"robots\" content=\"index, follow, max-snippet:-1, max-image-preview:large, max-video-preview:-1\" \/>\n<link rel=\"canonical\" href=\"https:\/\/novapodlaha.sk\/index.php\/product\/parador_modular_one_1730766_dub_pure_prirodny\/\" \/>\n<meta property=\"og:locale\" content=\"sk_SK\" \/>\n<meta property=\"og:type\" content=\"article\" \/>\n<meta property=\"og:title\" content=\"Kompozitn\u00e1 podlaha Parador Modular One Dub Pure pr\u00edrodn\u00fd | 37,90 Eur\/m2\" \/>\n<meta property=\"og:description\" content=\"Parador Modular One Dub Pure pr\u00edrodn\u00fd 1730766 | 37,90 Eur\/m2 | kompozitn\u00e1 podlaha | Dovoz ZDARMA V SR | +421 911 190 227 | obchod@novapodlaha.sk\" \/>\n<meta property=\"og:url\" content=\"https:\/\/novapodlaha.sk\/index.php\/product\/parador_modular_one_1730766_dub_pure_prirodny\/\" \/>\n<meta property=\"og:site_name\" content=\"Nova podlaha\" \/>\n<meta property=\"article:modified_time\" content=\"2023-01-26T21:27:11+00:00\" \/>\n<meta property=\"og:image\" content=\"https:\/\/novapodlaha.sk\/wp-content\/uploads\/2020\/02\/1730766_dub_pure_prirodny.png\" \/>\n\t<meta property=\"og:image:width\" content=\"1200\" \/>\n\t<meta property=\"og:image:height\" content=\"1200\" \/>\n\t<meta property=\"og:image:type\" content=\"image\/png\" \/>\n<meta name=\"twitter:card\" content=\"summary_large_image\" \/>\n<meta name=\"twitter:label1\" content=\"Predpokladan\u00fd \u010das \u010d\u00edtania\" \/>\n\t<meta name=\"twitter:data1\" content=\"2 min\u00faty\" \/>\n<script type=\"application\/ld+json\" class=\"yoast-schema-graph\">{\"@context\":\"https:\/\/schema.org\",\"@graph\":[{\"@type\":\"WebPage\",\"@id\":\"https:\/\/novapodlaha.sk\/index.php\/product\/parador_modular_one_1730766_dub_pure_prirodny\/\",\"url\":\"https:\/\/novapodlaha.sk\/index.php\/product\/parador_modular_one_1730766_dub_pure_prirodny\/\",\"name\":\"Parador Modular One Dub Pure pr\u00edrodn\u00fd | 37,90 Eur\",\"isPartOf\":{\"@id\":\"https:\/\/novapodlaha.sk\/#website\"},\"datePublished\":\"2020-02-17T09:57:14+00:00\",\"dateModified\":\"2023-01-26T21:27:11+00:00\",\"description\":\"Parador Modular One Dub Pure pr\u00edrodn\u00fd 1730766 | 37,90 Eur\/m2 | kompozitn\u00e1 podlaha | Dovoz ZDARMA V SR | +421 911 190 227 | obchod@novapodlaha.sk\",\"breadcrumb\":{\"@id\":\"https:\/\/novapodlaha.sk\/index.php\/product\/parador_modular_one_1730766_dub_pure_prirodny\/#breadcrumb\"},\"inLanguage\":\"sk-SK\",\"potentialAction\":[{\"@type\":\"ReadAction\",\"target\":[\"https:\/\/novapodlaha.sk\/index.php\/product\/parador_modular_one_1730766_dub_pure_prirodny\/\"]}]},{\"@type\":\"BreadcrumbList\",\"@id\":\"https:\/\/novapodlaha.sk\/index.php\/product\/parador_modular_one_1730766_dub_pure_prirodny\/#breadcrumb\",\"itemListElement\":[{\"@type\":\"ListItem\",\"position\":1,\"name\":\"Home\",\"item\":\"https:\/\/novapodlaha.sk\/\"},{\"@type\":\"ListItem\",\"position\":2,\"name\":\"OBCHOD\",\"item\":\"https:\/\/novapodlaha.sk\/index.php\/store\/\"},{\"@type\":\"ListItem\",\"position\":3,\"name\":\"Parador Modular ONE 1730766 Dub Pure pr\u00edrodn\u00fd + paroz\u00e1brana ZDARMA\"}]},{\"@type\":\"WebSite\",\"@id\":\"https:\/\/novapodlaha.sk\/#website\",\"url\":\"https:\/\/novapodlaha.sk\/\",\"name\":\"Nova podlaha\",\"description\":\"\",\"publisher\":{\"@id\":\"https:\/\/novapodlaha.sk\/#organization\"},\"potentialAction\":[{\"@type\":\"SearchAction\",\"target\":{\"@type\":\"EntryPoint\",\"urlTemplate\":\"https:\/\/novapodlaha.sk\/?s={search_term_string}\"},\"query-input\":\"required name=search_term_string\"}],\"inLanguage\":\"sk-SK\"},{\"@type\":\"Organization\",\"@id\":\"https:\/\/novapodlaha.sk\/#organization\",\"name\":\"Nova podlaha\",\"url\":\"https:\/\/novapodlaha.sk\/\",\"logo\":{\"@type\":\"ImageObject\",\"inLanguage\":\"sk-SK\",\"@id\":\"https:\/\/novapodlaha.sk\/#\/schema\/logo\/image\/\",\"url\":\"https:\/\/novapodlaha.sk\/wp-content\/uploads\/2022\/12\/cropped-cierne_180.png\",\"contentUrl\":\"https:\/\/novapodlaha.sk\/wp-content\/uploads\/2022\/12\/cropped-cierne_180.png\",\"width\":73,\"height\":71,\"caption\":\"Nova podlaha\"},\"image\":{\"@id\":\"https:\/\/novapodlaha.sk\/#\/schema\/logo\/image\/\"}}]}<\/script>\n<!-- \/ Yoast SEO plugin. -->","yoast_head_json":{"title":"Parador Modular One Dub Pure pr\u00edrodn\u00fd | 37,90 Eur","description":"Parador Modular One Dub Pure pr\u00edrodn\u00fd 1730766 | 37,90 Eur\/m2 | kompozitn\u00e1 podlaha | Dovoz ZDARMA V SR | +421 911 190 227 | obchod@novapodlaha.sk","robots":{"index":"index","follow":"follow","max-snippet":"max-snippet:-1","max-image-preview":"max-image-preview:large","max-video-preview":"max-video-preview:-1"},"canonical":"https:\/\/novapodlaha.sk\/index.php\/product\/parador_modular_one_1730766_dub_pure_prirodny\/","og_locale":"sk_SK","og_type":"article","og_title":"Kompozitn\u00e1 podlaha Parador Modular One Dub Pure pr\u00edrodn\u00fd | 37,90 Eur\/m2","og_description":"Parador Modular One Dub Pure pr\u00edrodn\u00fd 1730766 | 37,90 Eur\/m2 | kompozitn\u00e1 podlaha | Dovoz ZDARMA V SR | +421 911 190 227 | obchod@novapodlaha.sk","og_url":"https:\/\/novapodlaha.sk\/index.php\/product\/parador_modular_one_1730766_dub_pure_prirodny\/","og_site_name":"Nova podlaha","article_modified_time":"2023-01-26T21:27:11+00:00","og_image":[{"width":1200,"height":1200,"url":"https:\/\/novapodlaha.sk\/wp-content\/uploads\/2020\/02\/1730766_dub_pure_prirodny.png","type":"image\/png"}],"twitter_card":"summary_large_image","twitter_misc":{"Predpokladan\u00fd \u010das \u010d\u00edtania":"2 min\u00faty"},"schema":{"@context":"https:\/\/schema.org","@graph":[{"@type":"WebPage","@id":"https:\/\/novapodlaha.sk\/index.php\/product\/parador_modular_one_1730766_dub_pure_prirodny\/","url":"https:\/\/novapodlaha.sk\/index.php\/product\/parador_modular_one_1730766_dub_pure_prirodny\/","name":"Parador Modular One Dub Pure pr\u00edrodn\u00fd | 37,90 Eur","isPartOf":{"@id":"https:\/\/novapodlaha.sk\/#website"},"datePublished":"2020-02-17T09:57:14+00:00","dateModified":"2023-01-26T21:27:11+00:00","description":"Parador Modular One Dub Pure pr\u00edrodn\u00fd 1730766 | 37,90 Eur\/m2 | kompozitn\u00e1 podlaha | Dovoz ZDARMA V SR | +421 911 190 227 | obchod@novapodlaha.sk","breadcrumb":{"@id":"https:\/\/novapodlaha.sk\/index.php\/product\/parador_modular_one_1730766_dub_pure_prirodny\/#breadcrumb"},"inLanguage":"sk-SK","potentialAction":[{"@type":"ReadAction","target":["https:\/\/novapodlaha.sk\/index.php\/product\/parador_modular_one_1730766_dub_pure_prirodny\/"]}]},{"@type":"BreadcrumbList","@id":"https:\/\/novapodlaha.sk\/index.php\/product\/parador_modular_one_1730766_dub_pure_prirodny\/#breadcrumb","itemListElement":[{"@type":"ListItem","position":1,"name":"Home","item":"https:\/\/novapodlaha.sk\/"},{"@type":"ListItem","position":2,"name":"OBCHOD","item":"https:\/\/novapodlaha.sk\/index.php\/store\/"},{"@type":"ListItem","position":3,"name":"Parador Modular ONE 1730766 Dub Pure pr\u00edrodn\u00fd + paroz\u00e1brana ZDARMA"}]},{"@type":"WebSite","@id":"https:\/\/novapodlaha.sk\/#website","url":"https:\/\/novapodlaha.sk\/","name":"Nova podlaha","description":"","publisher":{"@id":"https:\/\/novapodlaha.sk\/#organization"},"potentialAction":[{"@type":"SearchAction","target":{"@type":"EntryPoint","urlTemplate":"https:\/\/novapodlaha.sk\/?s={search_term_string}"},"query-input":"required name=search_term_string"}],"inLanguage":"sk-SK"},{"@type":"Organization","@id":"https:\/\/novapodlaha.sk\/#organization","name":"Nova podlaha","url":"https:\/\/novapodlaha.sk\/","logo":{"@type":"ImageObject","inLanguage":"sk-SK","@id":"https:\/\/novapodlaha.sk\/#\/schema\/logo\/image\/","url":"https:\/\/novapodlaha.sk\/wp-content\/uploads\/2022\/12\/cropped-cierne_180.png","contentUrl":"https:\/\/novapodlaha.sk\/wp-content\/uploads\/2022\/12\/cropped-cierne_180.png","width":73,"height":71,"caption":"Nova podlaha"},"image":{"@id":"https:\/\/novapodlaha.sk\/#\/schema\/logo\/image\/"}}]}},"jetpack_sharing_enabled":true,"uagb_featured_image_src":{"full":["https:\/\/novapodlaha.sk\/wp-content\/uploads\/2023\/01\/1730766_dub_pure_prirodny.png",1200,1200,false],"thumbnail":["https:\/\/novapodlaha.sk\/wp-content\/uploads\/2023\/01\/1730766_dub_pure_prirodny-150x150.png",150,150,true],"medium":["https:\/\/novapodlaha.sk\/wp-content\/uploads\/2023\/01\/1730766_dub_pure_prirodny-300x300.png",300,300,true],"medium_large":["https:\/\/novapodlaha.sk\/wp-content\/uploads\/2023\/01\/1730766_dub_pure_prirodny-768x768.png",768,768,true],"large":["https:\/\/novapodlaha.sk\/wp-content\/uploads\/2023\/01\/1730766_dub_pure_prirodny-1024x1024.png",1024,1024,true],"1536x1536":["https:\/\/novapodlaha.sk\/wp-content\/uploads\/2023\/01\/1730766_dub_pure_prirodny.png",1200,1200,false],"2048x2048":["https:\/\/novapodlaha.sk\/wp-content\/uploads\/2023\/01\/1730766_dub_pure_prirodny.png",1200,1200,false],"trp-custom-language-flag":["https:\/\/novapodlaha.sk\/wp-content\/uploads\/2023\/01\/1730766_dub_pure_prirodny-12x12.png",12,12,true],"woocommerce_thumbnail":["https:\/\/novapodlaha.sk\/wp-content\/uploads\/2023\/01\/1730766_dub_pure_prirodny-300x300.png",300,300,true],"woocommerce_single":["https:\/\/novapodlaha.sk\/wp-content\/uploads\/2023\/01\/1730766_dub_pure_prirodny-600x600.png",600,600,true],"woocommerce_gallery_thumbnail":["https:\/\/novapodlaha.sk\/wp-content\/uploads\/2023\/01\/1730766_dub_pure_prirodny-100x100.png",100,100,true]},"uagb_author_info":{"display_name":"NovaPodlaha","author_link":"https:\/\/novapodlaha.sk\/index.php\/author\/"},"uagb_comment_info":1,"uagb_excerpt":"Uveden\u00e1 cena je za 1 balenie = 2,493 m2 (cena za m2 = 37,90 Eur) Vyberte si po\u010det balen\u00ed Kompozitn\u00e1 podlaha + paroz\u00e1brana ZDARMA Form\u00e1t: 1285 x 194 x 8 mm Trieda z\u00e1\u0165a\u017ee: 23\/33 Vzor: 1 - lamela Dr\u00e1\u017eka - Mini 4V","jetpack-related-posts":[{"id":2048,"url":"https:\/\/novapodlaha.sk\/index.php\/product\/parador-spc-1743003-dub-memory-prirodny\/","url_meta":{"origin":1215,"position":0},"title":"Parador SPC 1743003 Dub Memory pr\u00edrodn\u00fd + paroz\u00e1brana ZDARMA","author":"NovaPodlaha","date":"25 janu\u00e1ra, 2023","format":false,"excerpt":"Uveden\u00e1 cena je za 1 balenie = 2,176 m2 (cena za m2 = 32,99 Eur) Vyberte si po\u010det balen\u00ed Kompozitn\u00e1 podlaha + paroz\u00e1brana ZDARMA* Form\u00e1t: 1209 x 225 x 5,3 mm Trieda z\u00e1\u0165a\u017ee: 23\/31 Vzor: 1 - lamela Dr\u00e1\u017eka - Mini 4V","rel":"","context":"Podobn\u00fd pr\u00edspevok","block_context":{"text":"Podobn\u00fd pr\u00edspevok","link":""},"img":{"alt_text":"SPC Dub Memory pr\u00edrodn\u00fd 1743003 | kompozitn\u00e1 podlaha | novapodlaha.sk","src":"https:\/\/i0.wp.com\/novapodlaha.sk\/wp-content\/uploads\/2023\/01\/1734004_dub_memory_prirodny-1.jpeg?resize=350%2C200&ssl=1","width":350,"height":200,"srcset":"https:\/\/i0.wp.com\/novapodlaha.sk\/wp-content\/uploads\/2023\/01\/1734004_dub_memory_prirodny-1.jpeg?resize=350%2C200&ssl=1 1x, https:\/\/i0.wp.com\/novapodlaha.sk\/wp-content\/uploads\/2023\/01\/1734004_dub_memory_prirodny-1.jpeg?resize=525%2C300&ssl=1 1.5x, https:\/\/i0.wp.com\/novapodlaha.sk\/wp-content\/uploads\/2023\/01\/1734004_dub_memory_prirodny-1.jpeg?resize=700%2C400&ssl=1 2x, https:\/\/i0.wp.com\/novapodlaha.sk\/wp-content\/uploads\/2023\/01\/1734004_dub_memory_prirodny-1.jpeg?resize=1050%2C600&ssl=1 3x"},"classes":[]},{"id":2056,"url":"https:\/\/novapodlaha.sk\/index.php\/product\/egger-design-greentec-dub-monfort-prirodny-ehd014\/","url_meta":{"origin":1215,"position":1},"title":"EGGER Design GreenTec Dub Monfort pr\u00edrodn\u00fd EHD014 + paroz\u00e1brana ZDARMA","author":"NovaPodlaha","date":"25 janu\u00e1ra, 2023","format":false,"excerpt":"Uveden\u00e1 cena je za 1 balenie = 1,995 m2 (cena za m2 = 25,90 Eur) Vyberte si po\u010det balen\u00ed Kompozitn\u00e1 podlaha + paroz\u00e1brana ZDARMA* Form\u00e1t: 1292 x 193 x 7,5 mm Trieda z\u00e1\u0165a\u017ee: 23\/33 Vzor: 1 - lamela Dr\u00e1\u017eka - mini 4V","rel":"","context":"Podobn\u00fd pr\u00edspevok","block_context":{"text":"Podobn\u00fd pr\u00edspevok","link":""},"img":{"alt_text":"EGGER Design GreenTec Dub Monfort pr\u00edrodn\u00fd EHD014 | kompozitn\u00e1 podlaha | novapodlaha.sk","src":"https:\/\/i0.wp.com\/novapodlaha.sk\/wp-content\/uploads\/2023\/01\/ehd014_dub_monfortd_prirodny-1.jpeg?resize=350%2C200&ssl=1","width":350,"height":200,"srcset":"https:\/\/i0.wp.com\/novapodlaha.sk\/wp-content\/uploads\/2023\/01\/ehd014_dub_monfortd_prirodny-1.jpeg?resize=350%2C200&ssl=1 1x, https:\/\/i0.wp.com\/novapodlaha.sk\/wp-content\/uploads\/2023\/01\/ehd014_dub_monfortd_prirodny-1.jpeg?resize=525%2C300&ssl=1 1.5x, https:\/\/i0.wp.com\/novapodlaha.sk\/wp-content\/uploads\/2023\/01\/ehd014_dub_monfortd_prirodny-1.jpeg?resize=700%2C400&ssl=1 2x, https:\/\/i0.wp.com\/novapodlaha.sk\/wp-content\/uploads\/2023\/01\/ehd014_dub_monfortd_prirodny-1.jpeg?resize=1050%2C600&ssl=1 3x"},"classes":[]},{"id":2052,"url":"https:\/\/novapodlaha.sk\/index.php\/product\/egger-design-greentec-ehd027-dub-elva-biely\/","url_meta":{"origin":1215,"position":2},"title":"EGGER Design GreenTec Dub Elva biely EHD027 + paroz\u00e1brana ZDARMA","author":"NovaPodlaha","date":"25 janu\u00e1ra, 2023","format":false,"excerpt":"Uveden\u00e1 cena je za 1 balenie = 1,995 m2 (cena za m2 = 29,20 Eur) Vyberte si po\u010det balen\u00ed Kompozitn\u00e1 podlaha + paroz\u00e1brana ZDARMA* Form\u00e1t: 1292 x 193 x 7,5 mm Trieda z\u00e1\u0165a\u017ee: 23\/33 Vzor: 1 - lamela Dr\u00e1\u017eka - 4V","rel":"","context":"Podobn\u00fd pr\u00edspevok","block_context":{"text":"Podobn\u00fd pr\u00edspevok","link":""},"img":{"alt_text":"EGGER Design GreenTec Dub Elva biely EHD027 | kompozitn\u00e1 podlaha | novapodlaha.sk","src":"https:\/\/i0.wp.com\/novapodlaha.sk\/wp-content\/uploads\/2023\/01\/ehd027_dub_elva_biely-1.jpeg?resize=350%2C200&ssl=1","width":350,"height":200,"srcset":"https:\/\/i0.wp.com\/novapodlaha.sk\/wp-content\/uploads\/2023\/01\/ehd027_dub_elva_biely-1.jpeg?resize=350%2C200&ssl=1 1x, https:\/\/i0.wp.com\/novapodlaha.sk\/wp-content\/uploads\/2023\/01\/ehd027_dub_elva_biely-1.jpeg?resize=525%2C300&ssl=1 1.5x, https:\/\/i0.wp.com\/novapodlaha.sk\/wp-content\/uploads\/2023\/01\/ehd027_dub_elva_biely-1.jpeg?resize=700%2C400&ssl=1 2x, https:\/\/i0.wp.com\/novapodlaha.sk\/wp-content\/uploads\/2023\/01\/ehd027_dub_elva_biely-1.jpeg?resize=1050%2C600&ssl=1 3x"},"classes":[]},{"id":2071,"url":"https:\/\/novapodlaha.sk\/index.php\/product\/afirmax-biclick-dub-scandinavian-cbc-41022\/","url_meta":{"origin":1215,"position":3},"title":"Afirmax BiClick Dub Scandinavian CBC41022 + podlo\u017eka ZDARMA","author":"NovaPodlaha","date":"26 janu\u00e1ra, 2023","format":false,"excerpt":"Uveden\u00e1 cena je za 1 balenie = 2,196 m2 (cena za m2 = 25,90 Eur) Vyberte si po\u010det balen\u00ed Kompozitn\u00e1 podlaha + podlo\u017eka LVT Protector ZDARMA* Form\u00e1t: 1220 x 180 x 4,0 mm Trieda z\u00e1\u0165a\u017ee: 23\/32 Vzor: 1 - lamela Dr\u00e1\u017eka - bez","rel":"","context":"Podobn\u00fd pr\u00edspevok","block_context":{"text":"Podobn\u00fd pr\u00edspevok","link":""},"img":{"alt_text":"Afirmax BiClick Dub Scandinavian CBC41022 | kompozitn\u00e1 podlaha | novapodlaha.sk","src":"https:\/\/i0.wp.com\/novapodlaha.sk\/wp-content\/uploads\/2023\/01\/afirmax_biclick_dub_scandinavian.jpeg?resize=350%2C200&ssl=1","width":350,"height":200,"srcset":"https:\/\/i0.wp.com\/novapodlaha.sk\/wp-content\/uploads\/2023\/01\/afirmax_biclick_dub_scandinavian.jpeg?resize=350%2C200&ssl=1 1x, https:\/\/i0.wp.com\/novapodlaha.sk\/wp-content\/uploads\/2023\/01\/afirmax_biclick_dub_scandinavian.jpeg?resize=525%2C300&ssl=1 1.5x, https:\/\/i0.wp.com\/novapodlaha.sk\/wp-content\/uploads\/2023\/01\/afirmax_biclick_dub_scandinavian.jpeg?resize=700%2C400&ssl=1 2x, https:\/\/i0.wp.com\/novapodlaha.sk\/wp-content\/uploads\/2023\/01\/afirmax_biclick_dub_scandinavian.jpeg?resize=1050%2C600&ssl=1 3x"},"classes":[]},{"id":2067,"url":"https:\/\/novapodlaha.sk\/index.php\/product\/afirmax-legnar-dub-hartford-cle-41822\/","url_meta":{"origin":1215,"position":4},"title":"Afirmax Legnar Dub Hartford CLE41822","author":"NovaPodlaha","date":"26 janu\u00e1ra, 2023","format":false,"excerpt":"Uveden\u00e1 cena je za 1 balenie = 2,235 m2 (cena za m2 = 26,90 Eur) Vyberte si po\u010det balen\u00ed Kompozitn\u00e1 podlaha Form\u00e1t: 1220 x 229 x 4,0 mm Trieda z\u00e1\u0165a\u017ee: 23\/33 Vzor: 1 - lamela Dr\u00e1\u017eka - 4V","rel":"","context":"Podobn\u00fd pr\u00edspevok","block_context":{"text":"Podobn\u00fd pr\u00edspevok","link":""},"img":{"alt_text":"Afirmax Legnar Dub Hartford CLE41822 | kompozitn\u00e1 podlaha | novapodlaha.sk","src":"https:\/\/i0.wp.com\/novapodlaha.sk\/wp-content\/uploads\/2023\/01\/afirmax_legnar_dub_hartford.jpeg?resize=350%2C200&ssl=1","width":350,"height":200,"srcset":"https:\/\/i0.wp.com\/novapodlaha.sk\/wp-content\/uploads\/2023\/01\/afirmax_legnar_dub_hartford.jpeg?resize=350%2C200&ssl=1 1x, https:\/\/i0.wp.com\/novapodlaha.sk\/wp-content\/uploads\/2023\/01\/afirmax_legnar_dub_hartford.jpeg?resize=525%2C300&ssl=1 1.5x, https:\/\/i0.wp.com\/novapodlaha.sk\/wp-content\/uploads\/2023\/01\/afirmax_legnar_dub_hartford.jpeg?resize=700%2C400&ssl=1 2x, https:\/\/i0.wp.com\/novapodlaha.sk\/wp-content\/uploads\/2023\/01\/afirmax_legnar_dub_hartford.jpeg?resize=1050%2C600&ssl=1 3x"},"classes":[]}],"_links":{"self":[{"href":"https:\/\/novapodlaha.sk\/index.php\/wp-json\/wp\/v2\/product\/1215"}],"collection":[{"href":"https:\/\/novapodlaha.sk\/index.php\/wp-json\/wp\/v2\/product"}],"about":[{"href":"https:\/\/novapodlaha.sk\/index.php\/wp-json\/wp\/v2\/types\/product"}],"replies":[{"embeddable":true,"href":"https:\/\/novapodlaha.sk\/index.php\/wp-json\/wp\/v2\/comments?post=1215"}],"wp:featuredmedia":[{"embeddable":true,"href":"https:\/\/novapodlaha.sk\/index.php\/wp-json\/wp\/v2\/media\/2063"}],"wp:attachment":[{"href":"https:\/\/novapodlaha.sk\/index.php\/wp-json\/wp\/v2\/media?parent=1215"}],"wp:term":[{"taxonomy":"product_cat","embeddable":true,"href":"https:\/\/novapodlaha.sk\/index.php\/wp-json\/wp\/v2\/product_cat?post=1215"},{"taxonomy":"product_tag","embeddable":true,"href":"https:\/\/novapodlaha.sk\/index.php\/wp-json\/wp\/v2\/product_tag?post=1215"}],"curies":[{"name":"wp","href":"https:\/\/api.w.org\/{rel}","templated":true}]}}