{"id":2056,"date":"2023-01-25T20:40:45","date_gmt":"2023-01-25T20:40:45","guid":{"rendered":"https:\/\/novapodlaha.sk\/?post_type=product&#038;p=2056"},"modified":"2025-12-17T14:38:56","modified_gmt":"2025-12-17T14:38:56","slug":"egger-design-greentec-dub-monfort-prirodny-ehd014","status":"publish","type":"product","link":"https:\/\/novapodlaha.sk\/index.php\/product\/egger-design-greentec-dub-monfort-prirodny-ehd014\/","title":{"rendered":"EGGER Design GreenTec Dub Monfort pr\u00edrodn\u00fd EHD014 + paroz\u00e1brana ZDARMA"},"content":{"rendered":"<h2 style=\"text-align: left;\"><span style=\"color: #993366;\"><strong>EGGER Design GreenTec Dub Monfort pr\u00edrodn\u00fd EHD014 + paroz\u00e1brana ZDARMA<\/strong><\/span><\/h2>\n<p>&nbsp;<\/p>\n<p><strong>GreenTec Dub Monfort pr\u00edrodn\u00fd<\/strong> EHD014 je kompozitn\u00e1 podlaha od v\u00fdrobcu EGGER. T\u00e1to podlaha vynik\u00e1 svoj\u00edm dizajnom &#8211; popraskan\u00fd dub v bielej farbe, ktor\u00fd je naviac zv\u00fdraznen\u00fd trhlinami. Tie dod\u00e1vaj\u00fa podlahe pr\u00edrodn\u00fd vzh\u013ead e\u0161te viac. V\u010faka svetl\u00e9mu t\u00f3nu m\u00f4\u017eete t\u00fato podlahu jednoducho kombinova\u0165 aj s pr\u00edrodn\u00fdmi, aj s modern\u00fdmi interi\u00e9rov\u00fdmi prvkami. <span style=\"color: #993366;\"><strong>Tento dekor je ide\u00e1lny do kombin\u00e1cie s drevotrieskou EGGER H1180 Dub Halifax pr\u00edrodn\u00fd, pokia\u013e chcete zladi\u0165 n\u00e1bytok t\u00f3n v t\u00f3ne s podlahou.<\/strong><\/span><\/p>\n<p><b>EGGER Design GreenTec Dub Monfort pr\u00edrodn\u00fd\u00a0<\/b>EHD014 je podlaha vhodn\u00e1 pre intenz\u00edvne pou\u017eitie v dom\u00e1cnosti, vr\u00e1tane intenz\u00edvneho pou\u017eitia v komer\u010dn\u00fdch a verejn\u00fdch priestoroch. Lamely v obvyklom form\u00e1te Classic s\u00fa pri pou\u017eit\u00ed v\u0161estrann\u00e9, a to bez oh\u013eadu na ve\u013ekos\u0165 miestnosti. S\u00fa\u010das\u0165ou podlahy je integrovan\u00e1 korkov\u00e1 podlo\u017eka, ktor\u00e1 v\u00fdrazne tlm\u00ed kro\u010dajov\u00fd hluk. Naviac, pod podlahu u\u017e \u017eiadnu podlo\u017eku nein\u0161talujeme, patr\u00ed pod \u0148u len paroz\u00e1brana.<\/p>\n<p><strong>Kompozitn\u00e1 podlaha EGGER<\/strong> zaujme svojou v\u00fdnimo\u010dnou trvanlivos\u0165ou a autentick\u00fdm vzh\u013eadom. Je navrhnut\u00e1 tak, aby bola \u010do najodolnej\u0161ia. V\u010faka svojmu odoln\u00e9mu povrchu vo\u010di po\u0161kriabaniu vydr\u017e\u00ed aj vysok\u00fa z\u00e1\u0165a\u017e. Z\u00e1rove\u0148 sa vyzna\u010duje tvarovou a tlakovou stabilitou. Poskytuje tak dlhotrvaj\u00face pote\u0161enie, nielen v dom\u00e1cnosti.<\/p>\n<p><strong>Kompozitn\u00e1 podlaha EGGER Design GreenTec\u00a0Dub Monfort pr\u00edrodn\u00fd<\/strong> EHD014 predstavuje spojenie najnov\u0161\u00edch technol\u00f3gi\u00ed s t\u00fdmi najvy\u0161\u0161\u00edmi ekologick\u00fdmi \u0161tandardmi pre zdrav\u00e9 b\u00fdvanie. Na rozdiel od be\u017en\u00fdch lamin\u00e1tov\u00fdch a vinylov\u00fdch podl\u00e1h neobsahuj\u00fa PVC, nebezpe\u010dn\u00e9 l\u00e1tky ani zm\u00e4k\u010dovadl\u00e1. Navy\u0161e s\u00fa z 90% vyroben\u00e9 z obnovite\u013en\u00fdch surov\u00edn.<\/p>\n<p>Svojimi vlastnos\u0165ami sa zara\u010fuje medzi top produkty vo svojej triede:<\/p>\n<ul id=\"porto-info-list97082717963d18bf778ea1\" class=\"porto-info-list \">\n<li class=\"porto-info-list-item\">\n<div class=\"porto-info-list-item-desc\">Ekologick\u00e1 alternat\u00edva k vinylov\u00fdm podlah\u00e1m \u2013 90% obnovite\u013en\u00fdch surov\u00edn<\/div>\n<\/li>\n<li class=\"porto-info-list-item\"><i class=\"porto-info-icon porto-icon-ok\"><\/i>\n<div class=\"porto-info-list-item-desc\">Robustn\u00e1, trvanliv\u00e1 a rozmerovo stabiln\u00e1<\/div>\n<\/li>\n<li class=\"porto-info-list-item\"><i class=\"porto-info-icon porto-icon-ok\"><\/i>\n<div class=\"porto-info-list-item-desc\">M\u00e1 vynikaj\u00facu izol\u00e1ciu proti kro\u010dajov\u00e9mu hluku a celkovo n\u00edzku hlu\u010dnos\u0165<\/div>\n<\/li>\n<li class=\"porto-info-list-item\"><i class=\"porto-info-icon porto-icon-ok\"><\/i>\n<div class=\"porto-info-list-item-desc\">Vodoodoln\u00fd povrch zaru\u010duje vhodnos\u0165 do vlhk\u00e9ho prostredia<\/div>\n<\/li>\n<li class=\"porto-info-list-item\"><i class=\"porto-info-icon porto-icon-ok\"><\/i>\n<div class=\"porto-info-list-item-desc\">\u00daplne bez obsahu PVC, \u0161kodliv\u00fdch l\u00e1tok a zm\u00e4k\u010dovadiel<\/div>\n<\/li>\n<li class=\"porto-info-list-item\"><i class=\"porto-info-icon porto-icon-ok\"><\/i>\n<div class=\"porto-info-list-item-desc\">Jednoduch\u00e1, r\u00fdchla a flexibiln\u00e1 pokl\u00e1dka<\/div>\n<\/li>\n<\/ul>\n<p>Vybran\u00fd model Dub Elva biely je v dizajne drevodekoru. \u0160trukt\u00fara dreva je aj na dotyk re\u00e1lna, je vidite\u013en\u00e1 vo\u013en\u00fdm okom pri priamom dopade svetla. Kone\u010dn\u00e1 matn\u00e1 \u00faprava len pod\u010diarkuje pr\u00edrodn\u00fd vzh\u013ead. Jednoducho, dokonalos\u0165 v celej svojej kr\u00e1se.<\/p>\n<h5 style=\"text-align: center;\">Pri objedn\u00e1vke nad 180 Eur s DPH zabezpe\u010dujeme DOPRAVU ZDARMA V R\u00c1MCI CELEJ SR<\/h5>\n<h5 style=\"text-align: center;\"><span style=\"color: #993366;\">Za ka\u017ed\u00fdch objednan\u00fdch 20 m2 podlahy dostanete ZDARMA 20 m2 paroz\u00e1brany (PE f\u00f3lia 0,2 mm)<\/span><\/h5>\n<p>&nbsp;<\/p>\n","protected":false},"excerpt":{"rendered":"<h5><span style=\"color: #993366;\">Uveden\u00e1 cena je za 1 balenie = 1,995 m2 (cena za m2 = 25,90 Eur)<\/span><\/h5>\n<p>Vyberte si po\u010det balen\u00ed<\/p>\n<ul>\n<li>Kompozitn\u00e1 podlaha + paroz\u00e1brana ZDARMA*<\/li>\n<li>Form\u00e1t: 1292 x 193 x 7,5 mm<\/li>\n<li>Trieda z\u00e1\u0165a\u017ee: 23\/33<\/li>\n<li>Vzor: 1 &#8211; lamela<\/li>\n<li>Dr\u00e1\u017eka &#8211; mini 4V<\/li>\n<\/ul>\n","protected":false},"featured_media":2061,"comment_status":"open","ping_status":"closed","template":"","meta":{"_uag_custom_page_level_css":"","site-sidebar-layout":"default","site-content-layout":"default","ast-global-header-display":"","ast-main-header-display":"","ast-hfb-above-header-display":"","ast-hfb-below-header-display":"","ast-hfb-mobile-header-display":"","site-post-title":"","ast-breadcrumbs-content":"","ast-featured-img":"","footer-sml-layout":"","theme-transparent-header-meta":"default","adv-header-id-meta":"","stick-header-meta":"default","header-above-stick-meta":"","header-main-stick-meta":"","header-below-stick-meta":""},"product_cat":[55],"product_tag":[61,63,65,60,62,66,64],"yoast_head":"<!-- This site is optimized with the Yoast SEO plugin v21.5 - https:\/\/yoast.com\/wordpress\/plugins\/seo\/ -->\n<title>EGGER Design GreenTec Dub Monfort pr\u00edrodn\u00fd | 25,90 Eur\/m2<\/title>\n<meta name=\"description\" content=\"EGGER Design GreenTec Dub Monfort pr\u00edrodn\u00fd EHD014 | 25,90 Eur\/m2 | kompozitn\u00e1 podlaha | Dovoz ZDARMA V SR | +421 911 190 227 | obchod@novapodlaha.sk\" \/>\n<meta name=\"robots\" content=\"index, follow, max-snippet:-1, max-image-preview:large, max-video-preview:-1\" \/>\n<link rel=\"canonical\" href=\"https:\/\/novapodlaha.sk\/index.php\/product\/egger-design-greentec-dub-monfort-prirodny-ehd014\/\" \/>\n<meta property=\"og:locale\" content=\"sk_SK\" \/>\n<meta property=\"og:type\" content=\"article\" \/>\n<meta property=\"og:title\" content=\"EGGER Design GreenTec Dub Monfort pr\u00edrodn\u00fd EHD014 | 25,90 Eur\/m2\" \/>\n<meta property=\"og:description\" content=\"EGGER Design GreenTec Dub Monfort pr\u00edrodn\u00fd EHD014 | 25,90 Eur\/m2 | kompozitn\u00e1 podlaha | Dovoz ZDARMA V SR | +421 911 190 227 | obchod@novapodlaha.sk\" \/>\n<meta property=\"og:url\" content=\"https:\/\/novapodlaha.sk\/index.php\/product\/egger-design-greentec-dub-monfort-prirodny-ehd014\/\" \/>\n<meta property=\"og:site_name\" content=\"Nova podlaha\" \/>\n<meta property=\"article:modified_time\" content=\"2025-12-17T14:38:56+00:00\" \/>\n<meta property=\"og:image\" content=\"https:\/\/novapodlaha.sk\/wp-content\/uploads\/2023\/01\/ehd014_dub_monfortd_prirodny-1.jpeg\" \/>\n\t<meta property=\"og:image:width\" content=\"1200\" \/>\n\t<meta property=\"og:image:height\" content=\"1200\" \/>\n\t<meta property=\"og:image:type\" content=\"image\/jpeg\" \/>\n<meta name=\"twitter:card\" content=\"summary_large_image\" \/>\n<meta name=\"twitter:label1\" content=\"Predpokladan\u00fd \u010das \u010d\u00edtania\" \/>\n\t<meta name=\"twitter:data1\" content=\"2 min\u00faty\" \/>\n<script type=\"application\/ld+json\" class=\"yoast-schema-graph\">{\"@context\":\"https:\/\/schema.org\",\"@graph\":[{\"@type\":\"WebPage\",\"@id\":\"https:\/\/novapodlaha.sk\/index.php\/product\/egger-design-greentec-dub-monfort-prirodny-ehd014\/\",\"url\":\"https:\/\/novapodlaha.sk\/index.php\/product\/egger-design-greentec-dub-monfort-prirodny-ehd014\/\",\"name\":\"EGGER Design GreenTec Dub Monfort pr\u00edrodn\u00fd | 25,90 Eur\/m2\",\"isPartOf\":{\"@id\":\"https:\/\/novapodlaha.sk\/#website\"},\"datePublished\":\"2023-01-25T20:40:45+00:00\",\"dateModified\":\"2025-12-17T14:38:56+00:00\",\"description\":\"EGGER Design GreenTec Dub Monfort pr\u00edrodn\u00fd EHD014 | 25,90 Eur\/m2 | kompozitn\u00e1 podlaha | Dovoz ZDARMA V SR | +421 911 190 227 | obchod@novapodlaha.sk\",\"breadcrumb\":{\"@id\":\"https:\/\/novapodlaha.sk\/index.php\/product\/egger-design-greentec-dub-monfort-prirodny-ehd014\/#breadcrumb\"},\"inLanguage\":\"sk-SK\",\"potentialAction\":[{\"@type\":\"ReadAction\",\"target\":[\"https:\/\/novapodlaha.sk\/index.php\/product\/egger-design-greentec-dub-monfort-prirodny-ehd014\/\"]}]},{\"@type\":\"BreadcrumbList\",\"@id\":\"https:\/\/novapodlaha.sk\/index.php\/product\/egger-design-greentec-dub-monfort-prirodny-ehd014\/#breadcrumb\",\"itemListElement\":[{\"@type\":\"ListItem\",\"position\":1,\"name\":\"Home\",\"item\":\"https:\/\/novapodlaha.sk\/\"},{\"@type\":\"ListItem\",\"position\":2,\"name\":\"OBCHOD\",\"item\":\"https:\/\/novapodlaha.sk\/index.php\/store\/\"},{\"@type\":\"ListItem\",\"position\":3,\"name\":\"EGGER Design GreenTec Dub Monfort pr\u00edrodn\u00fd EHD014 + paroz\u00e1brana ZDARMA\"}]},{\"@type\":\"WebSite\",\"@id\":\"https:\/\/novapodlaha.sk\/#website\",\"url\":\"https:\/\/novapodlaha.sk\/\",\"name\":\"Nova podlaha\",\"description\":\"\",\"publisher\":{\"@id\":\"https:\/\/novapodlaha.sk\/#organization\"},\"potentialAction\":[{\"@type\":\"SearchAction\",\"target\":{\"@type\":\"EntryPoint\",\"urlTemplate\":\"https:\/\/novapodlaha.sk\/?s={search_term_string}\"},\"query-input\":\"required name=search_term_string\"}],\"inLanguage\":\"sk-SK\"},{\"@type\":\"Organization\",\"@id\":\"https:\/\/novapodlaha.sk\/#organization\",\"name\":\"Nova podlaha\",\"url\":\"https:\/\/novapodlaha.sk\/\",\"logo\":{\"@type\":\"ImageObject\",\"inLanguage\":\"sk-SK\",\"@id\":\"https:\/\/novapodlaha.sk\/#\/schema\/logo\/image\/\",\"url\":\"https:\/\/novapodlaha.sk\/wp-content\/uploads\/2022\/12\/cropped-cierne_180.png\",\"contentUrl\":\"https:\/\/novapodlaha.sk\/wp-content\/uploads\/2022\/12\/cropped-cierne_180.png\",\"width\":73,\"height\":71,\"caption\":\"Nova podlaha\"},\"image\":{\"@id\":\"https:\/\/novapodlaha.sk\/#\/schema\/logo\/image\/\"}}]}<\/script>\n<!-- \/ Yoast SEO plugin. -->","yoast_head_json":{"title":"EGGER Design GreenTec Dub Monfort pr\u00edrodn\u00fd | 25,90 Eur\/m2","description":"EGGER Design GreenTec Dub Monfort pr\u00edrodn\u00fd EHD014 | 25,90 Eur\/m2 | kompozitn\u00e1 podlaha | Dovoz ZDARMA V SR | +421 911 190 227 | obchod@novapodlaha.sk","robots":{"index":"index","follow":"follow","max-snippet":"max-snippet:-1","max-image-preview":"max-image-preview:large","max-video-preview":"max-video-preview:-1"},"canonical":"https:\/\/novapodlaha.sk\/index.php\/product\/egger-design-greentec-dub-monfort-prirodny-ehd014\/","og_locale":"sk_SK","og_type":"article","og_title":"EGGER Design GreenTec Dub Monfort pr\u00edrodn\u00fd EHD014 | 25,90 Eur\/m2","og_description":"EGGER Design GreenTec Dub Monfort pr\u00edrodn\u00fd EHD014 | 25,90 Eur\/m2 | kompozitn\u00e1 podlaha | Dovoz ZDARMA V SR | +421 911 190 227 | obchod@novapodlaha.sk","og_url":"https:\/\/novapodlaha.sk\/index.php\/product\/egger-design-greentec-dub-monfort-prirodny-ehd014\/","og_site_name":"Nova podlaha","article_modified_time":"2025-12-17T14:38:56+00:00","og_image":[{"width":1200,"height":1200,"url":"https:\/\/novapodlaha.sk\/wp-content\/uploads\/2023\/01\/ehd014_dub_monfortd_prirodny-1.jpeg","type":"image\/jpeg"}],"twitter_card":"summary_large_image","twitter_misc":{"Predpokladan\u00fd \u010das \u010d\u00edtania":"2 min\u00faty"},"schema":{"@context":"https:\/\/schema.org","@graph":[{"@type":"WebPage","@id":"https:\/\/novapodlaha.sk\/index.php\/product\/egger-design-greentec-dub-monfort-prirodny-ehd014\/","url":"https:\/\/novapodlaha.sk\/index.php\/product\/egger-design-greentec-dub-monfort-prirodny-ehd014\/","name":"EGGER Design GreenTec Dub Monfort pr\u00edrodn\u00fd | 25,90 Eur\/m2","isPartOf":{"@id":"https:\/\/novapodlaha.sk\/#website"},"datePublished":"2023-01-25T20:40:45+00:00","dateModified":"2025-12-17T14:38:56+00:00","description":"EGGER Design GreenTec Dub Monfort pr\u00edrodn\u00fd EHD014 | 25,90 Eur\/m2 | kompozitn\u00e1 podlaha | Dovoz ZDARMA V SR | +421 911 190 227 | obchod@novapodlaha.sk","breadcrumb":{"@id":"https:\/\/novapodlaha.sk\/index.php\/product\/egger-design-greentec-dub-monfort-prirodny-ehd014\/#breadcrumb"},"inLanguage":"sk-SK","potentialAction":[{"@type":"ReadAction","target":["https:\/\/novapodlaha.sk\/index.php\/product\/egger-design-greentec-dub-monfort-prirodny-ehd014\/"]}]},{"@type":"BreadcrumbList","@id":"https:\/\/novapodlaha.sk\/index.php\/product\/egger-design-greentec-dub-monfort-prirodny-ehd014\/#breadcrumb","itemListElement":[{"@type":"ListItem","position":1,"name":"Home","item":"https:\/\/novapodlaha.sk\/"},{"@type":"ListItem","position":2,"name":"OBCHOD","item":"https:\/\/novapodlaha.sk\/index.php\/store\/"},{"@type":"ListItem","position":3,"name":"EGGER Design GreenTec Dub Monfort pr\u00edrodn\u00fd EHD014 + paroz\u00e1brana ZDARMA"}]},{"@type":"WebSite","@id":"https:\/\/novapodlaha.sk\/#website","url":"https:\/\/novapodlaha.sk\/","name":"Nova podlaha","description":"","publisher":{"@id":"https:\/\/novapodlaha.sk\/#organization"},"potentialAction":[{"@type":"SearchAction","target":{"@type":"EntryPoint","urlTemplate":"https:\/\/novapodlaha.sk\/?s={search_term_string}"},"query-input":"required name=search_term_string"}],"inLanguage":"sk-SK"},{"@type":"Organization","@id":"https:\/\/novapodlaha.sk\/#organization","name":"Nova podlaha","url":"https:\/\/novapodlaha.sk\/","logo":{"@type":"ImageObject","inLanguage":"sk-SK","@id":"https:\/\/novapodlaha.sk\/#\/schema\/logo\/image\/","url":"https:\/\/novapodlaha.sk\/wp-content\/uploads\/2022\/12\/cropped-cierne_180.png","contentUrl":"https:\/\/novapodlaha.sk\/wp-content\/uploads\/2022\/12\/cropped-cierne_180.png","width":73,"height":71,"caption":"Nova podlaha"},"image":{"@id":"https:\/\/novapodlaha.sk\/#\/schema\/logo\/image\/"}}]}},"jetpack_sharing_enabled":true,"uagb_featured_image_src":{"full":["https:\/\/novapodlaha.sk\/wp-content\/uploads\/2023\/01\/ehd014_dub_monfortd_prirodny-1.jpeg",1200,1200,false],"thumbnail":["https:\/\/novapodlaha.sk\/wp-content\/uploads\/2023\/01\/ehd014_dub_monfortd_prirodny-1-150x150.jpeg",150,150,true],"medium":["https:\/\/novapodlaha.sk\/wp-content\/uploads\/2023\/01\/ehd014_dub_monfortd_prirodny-1-300x300.jpeg",300,300,true],"medium_large":["https:\/\/novapodlaha.sk\/wp-content\/uploads\/2023\/01\/ehd014_dub_monfortd_prirodny-1-768x768.jpeg",768,768,true],"large":["https:\/\/novapodlaha.sk\/wp-content\/uploads\/2023\/01\/ehd014_dub_monfortd_prirodny-1-1024x1024.jpeg",1024,1024,true],"1536x1536":["https:\/\/novapodlaha.sk\/wp-content\/uploads\/2023\/01\/ehd014_dub_monfortd_prirodny-1.jpeg",1200,1200,false],"2048x2048":["https:\/\/novapodlaha.sk\/wp-content\/uploads\/2023\/01\/ehd014_dub_monfortd_prirodny-1.jpeg",1200,1200,false],"trp-custom-language-flag":["https:\/\/novapodlaha.sk\/wp-content\/uploads\/2023\/01\/ehd014_dub_monfortd_prirodny-1-12x12.jpeg",12,12,true],"woocommerce_thumbnail":["https:\/\/novapodlaha.sk\/wp-content\/uploads\/2023\/01\/ehd014_dub_monfortd_prirodny-1-300x300.jpeg",300,300,true],"woocommerce_single":["https:\/\/novapodlaha.sk\/wp-content\/uploads\/2023\/01\/ehd014_dub_monfortd_prirodny-1-600x600.jpeg",600,600,true],"woocommerce_gallery_thumbnail":["https:\/\/novapodlaha.sk\/wp-content\/uploads\/2023\/01\/ehd014_dub_monfortd_prirodny-1-100x100.jpeg",100,100,true]},"uagb_author_info":{"display_name":"NovaPodlaha","author_link":"https:\/\/novapodlaha.sk\/index.php\/author\/"},"uagb_comment_info":6,"uagb_excerpt":"Uveden\u00e1 cena je za 1 balenie = 1,995 m2 (cena za m2 = 25,90 Eur) Vyberte si po\u010det balen\u00ed Kompozitn\u00e1 podlaha + paroz\u00e1brana ZDARMA* Form\u00e1t: 1292 x 193 x 7,5 mm Trieda z\u00e1\u0165a\u017ee: 23\/33 Vzor: 1 - lamela Dr\u00e1\u017eka - mini 4V","jetpack-related-posts":[{"id":2052,"url":"https:\/\/novapodlaha.sk\/index.php\/product\/egger-design-greentec-ehd027-dub-elva-biely\/","url_meta":{"origin":2056,"position":0},"title":"EGGER Design GreenTec Dub Elva biely EHD027 + paroz\u00e1brana ZDARMA","author":"NovaPodlaha","date":"25 janu\u00e1ra, 2023","format":false,"excerpt":"Uveden\u00e1 cena je za 1 balenie = 1,995 m2 (cena za m2 = 29,20 Eur) Vyberte si po\u010det balen\u00ed Kompozitn\u00e1 podlaha + paroz\u00e1brana ZDARMA* Form\u00e1t: 1292 x 193 x 7,5 mm Trieda z\u00e1\u0165a\u017ee: 23\/33 Vzor: 1 - lamela Dr\u00e1\u017eka - 4V","rel":"","context":"Podobn\u00fd pr\u00edspevok","block_context":{"text":"Podobn\u00fd pr\u00edspevok","link":""},"img":{"alt_text":"EGGER Design GreenTec Dub Elva biely EHD027 | kompozitn\u00e1 podlaha | novapodlaha.sk","src":"https:\/\/i0.wp.com\/novapodlaha.sk\/wp-content\/uploads\/2023\/01\/ehd027_dub_elva_biely-1.jpeg?resize=350%2C200&ssl=1","width":350,"height":200,"srcset":"https:\/\/i0.wp.com\/novapodlaha.sk\/wp-content\/uploads\/2023\/01\/ehd027_dub_elva_biely-1.jpeg?resize=350%2C200&ssl=1 1x, https:\/\/i0.wp.com\/novapodlaha.sk\/wp-content\/uploads\/2023\/01\/ehd027_dub_elva_biely-1.jpeg?resize=525%2C300&ssl=1 1.5x, https:\/\/i0.wp.com\/novapodlaha.sk\/wp-content\/uploads\/2023\/01\/ehd027_dub_elva_biely-1.jpeg?resize=700%2C400&ssl=1 2x, https:\/\/i0.wp.com\/novapodlaha.sk\/wp-content\/uploads\/2023\/01\/ehd027_dub_elva_biely-1.jpeg?resize=1050%2C600&ssl=1 3x"},"classes":[]},{"id":2048,"url":"https:\/\/novapodlaha.sk\/index.php\/product\/parador-spc-1743003-dub-memory-prirodny\/","url_meta":{"origin":2056,"position":1},"title":"Parador SPC 1743003 Dub Memory pr\u00edrodn\u00fd + paroz\u00e1brana ZDARMA","author":"NovaPodlaha","date":"25 janu\u00e1ra, 2023","format":false,"excerpt":"Uveden\u00e1 cena je za 1 balenie = 2,176 m2 (cena za m2 = 32,99 Eur) Vyberte si po\u010det balen\u00ed Kompozitn\u00e1 podlaha + paroz\u00e1brana ZDARMA* Form\u00e1t: 1209 x 225 x 5,3 mm Trieda z\u00e1\u0165a\u017ee: 23\/31 Vzor: 1 - lamela Dr\u00e1\u017eka - Mini 4V","rel":"","context":"Podobn\u00fd pr\u00edspevok","block_context":{"text":"Podobn\u00fd pr\u00edspevok","link":""},"img":{"alt_text":"SPC Dub Memory pr\u00edrodn\u00fd 1743003 | kompozitn\u00e1 podlaha | novapodlaha.sk","src":"https:\/\/i0.wp.com\/novapodlaha.sk\/wp-content\/uploads\/2023\/01\/1734004_dub_memory_prirodny-1.jpeg?resize=350%2C200&ssl=1","width":350,"height":200,"srcset":"https:\/\/i0.wp.com\/novapodlaha.sk\/wp-content\/uploads\/2023\/01\/1734004_dub_memory_prirodny-1.jpeg?resize=350%2C200&ssl=1 1x, https:\/\/i0.wp.com\/novapodlaha.sk\/wp-content\/uploads\/2023\/01\/1734004_dub_memory_prirodny-1.jpeg?resize=525%2C300&ssl=1 1.5x, https:\/\/i0.wp.com\/novapodlaha.sk\/wp-content\/uploads\/2023\/01\/1734004_dub_memory_prirodny-1.jpeg?resize=700%2C400&ssl=1 2x, https:\/\/i0.wp.com\/novapodlaha.sk\/wp-content\/uploads\/2023\/01\/1734004_dub_memory_prirodny-1.jpeg?resize=1050%2C600&ssl=1 3x"},"classes":[]},{"id":1215,"url":"https:\/\/novapodlaha.sk\/index.php\/product\/parador_modular_one_1730766_dub_pure_prirodny\/","url_meta":{"origin":2056,"position":2},"title":"Parador Modular ONE 1730766 Dub Pure pr\u00edrodn\u00fd + paroz\u00e1brana ZDARMA","author":"NovaPodlaha","date":"17 febru\u00e1ra, 2020","format":false,"excerpt":"Uveden\u00e1 cena je za 1 balenie = 2,493 m2 (cena za m2 = 37,90 Eur) Vyberte si po\u010det balen\u00ed Kompozitn\u00e1 podlaha + paroz\u00e1brana ZDARMA Form\u00e1t: 1285 x 194 x 8 mm Trieda z\u00e1\u0165a\u017ee: 23\/33 Vzor: 1 - lamela Dr\u00e1\u017eka - Mini 4V","rel":"","context":"Podobn\u00fd pr\u00edspevok","block_context":{"text":"Podobn\u00fd pr\u00edspevok","link":""},"img":{"alt_text":"Modular One Dub Pure pr\u00edrodn\u00fd 1730766 | kompozitn\u00e1 podlaha | novapodlaha.sk","src":"https:\/\/i0.wp.com\/novapodlaha.sk\/wp-content\/uploads\/2023\/01\/1730766_dub_pure_prirodny.png?resize=350%2C200&ssl=1","width":350,"height":200,"srcset":"https:\/\/i0.wp.com\/novapodlaha.sk\/wp-content\/uploads\/2023\/01\/1730766_dub_pure_prirodny.png?resize=350%2C200&ssl=1 1x, https:\/\/i0.wp.com\/novapodlaha.sk\/wp-content\/uploads\/2023\/01\/1730766_dub_pure_prirodny.png?resize=525%2C300&ssl=1 1.5x, https:\/\/i0.wp.com\/novapodlaha.sk\/wp-content\/uploads\/2023\/01\/1730766_dub_pure_prirodny.png?resize=700%2C400&ssl=1 2x, https:\/\/i0.wp.com\/novapodlaha.sk\/wp-content\/uploads\/2023\/01\/1730766_dub_pure_prirodny.png?resize=1050%2C600&ssl=1 3x"},"classes":[]},{"id":2071,"url":"https:\/\/novapodlaha.sk\/index.php\/product\/afirmax-biclick-dub-scandinavian-cbc-41022\/","url_meta":{"origin":2056,"position":3},"title":"Afirmax BiClick Dub Scandinavian CBC41022 + podlo\u017eka ZDARMA","author":"NovaPodlaha","date":"26 janu\u00e1ra, 2023","format":false,"excerpt":"Uveden\u00e1 cena je za 1 balenie = 2,196 m2 (cena za m2 = 25,90 Eur) Vyberte si po\u010det balen\u00ed Kompozitn\u00e1 podlaha + podlo\u017eka LVT Protector ZDARMA* Form\u00e1t: 1220 x 180 x 4,0 mm Trieda z\u00e1\u0165a\u017ee: 23\/32 Vzor: 1 - lamela Dr\u00e1\u017eka - bez","rel":"","context":"Podobn\u00fd pr\u00edspevok","block_context":{"text":"Podobn\u00fd pr\u00edspevok","link":""},"img":{"alt_text":"Afirmax BiClick Dub Scandinavian CBC41022 | kompozitn\u00e1 podlaha | novapodlaha.sk","src":"https:\/\/i0.wp.com\/novapodlaha.sk\/wp-content\/uploads\/2023\/01\/afirmax_biclick_dub_scandinavian.jpeg?resize=350%2C200&ssl=1","width":350,"height":200,"srcset":"https:\/\/i0.wp.com\/novapodlaha.sk\/wp-content\/uploads\/2023\/01\/afirmax_biclick_dub_scandinavian.jpeg?resize=350%2C200&ssl=1 1x, https:\/\/i0.wp.com\/novapodlaha.sk\/wp-content\/uploads\/2023\/01\/afirmax_biclick_dub_scandinavian.jpeg?resize=525%2C300&ssl=1 1.5x, https:\/\/i0.wp.com\/novapodlaha.sk\/wp-content\/uploads\/2023\/01\/afirmax_biclick_dub_scandinavian.jpeg?resize=700%2C400&ssl=1 2x, https:\/\/i0.wp.com\/novapodlaha.sk\/wp-content\/uploads\/2023\/01\/afirmax_biclick_dub_scandinavian.jpeg?resize=1050%2C600&ssl=1 3x"},"classes":[]},{"id":2067,"url":"https:\/\/novapodlaha.sk\/index.php\/product\/afirmax-legnar-dub-hartford-cle-41822\/","url_meta":{"origin":2056,"position":4},"title":"Afirmax Legnar Dub Hartford CLE41822","author":"NovaPodlaha","date":"26 janu\u00e1ra, 2023","format":false,"excerpt":"Uveden\u00e1 cena je za 1 balenie = 2,235 m2 (cena za m2 = 26,90 Eur) Vyberte si po\u010det balen\u00ed Kompozitn\u00e1 podlaha Form\u00e1t: 1220 x 229 x 4,0 mm Trieda z\u00e1\u0165a\u017ee: 23\/33 Vzor: 1 - lamela Dr\u00e1\u017eka - 4V","rel":"","context":"Podobn\u00fd pr\u00edspevok","block_context":{"text":"Podobn\u00fd pr\u00edspevok","link":""},"img":{"alt_text":"Afirmax Legnar Dub Hartford CLE41822 | kompozitn\u00e1 podlaha | novapodlaha.sk","src":"https:\/\/i0.wp.com\/novapodlaha.sk\/wp-content\/uploads\/2023\/01\/afirmax_legnar_dub_hartford.jpeg?resize=350%2C200&ssl=1","width":350,"height":200,"srcset":"https:\/\/i0.wp.com\/novapodlaha.sk\/wp-content\/uploads\/2023\/01\/afirmax_legnar_dub_hartford.jpeg?resize=350%2C200&ssl=1 1x, https:\/\/i0.wp.com\/novapodlaha.sk\/wp-content\/uploads\/2023\/01\/afirmax_legnar_dub_hartford.jpeg?resize=525%2C300&ssl=1 1.5x, https:\/\/i0.wp.com\/novapodlaha.sk\/wp-content\/uploads\/2023\/01\/afirmax_legnar_dub_hartford.jpeg?resize=700%2C400&ssl=1 2x, https:\/\/i0.wp.com\/novapodlaha.sk\/wp-content\/uploads\/2023\/01\/afirmax_legnar_dub_hartford.jpeg?resize=1050%2C600&ssl=1 3x"},"classes":[]}],"_links":{"self":[{"href":"https:\/\/novapodlaha.sk\/index.php\/wp-json\/wp\/v2\/product\/2056"}],"collection":[{"href":"https:\/\/novapodlaha.sk\/index.php\/wp-json\/wp\/v2\/product"}],"about":[{"href":"https:\/\/novapodlaha.sk\/index.php\/wp-json\/wp\/v2\/types\/product"}],"replies":[{"embeddable":true,"href":"https:\/\/novapodlaha.sk\/index.php\/wp-json\/wp\/v2\/comments?post=2056"}],"wp:featuredmedia":[{"embeddable":true,"href":"https:\/\/novapodlaha.sk\/index.php\/wp-json\/wp\/v2\/media\/2061"}],"wp:attachment":[{"href":"https:\/\/novapodlaha.sk\/index.php\/wp-json\/wp\/v2\/media?parent=2056"}],"wp:term":[{"taxonomy":"product_cat","embeddable":true,"href":"https:\/\/novapodlaha.sk\/index.php\/wp-json\/wp\/v2\/product_cat?post=2056"},{"taxonomy":"product_tag","embeddable":true,"href":"https:\/\/novapodlaha.sk\/index.php\/wp-json\/wp\/v2\/product_tag?post=2056"}],"curies":[{"name":"wp","href":"https:\/\/api.w.org\/{rel}","templated":true}]}}