{"id":2067,"date":"2023-01-26T20:18:34","date_gmt":"2023-01-26T20:18:34","guid":{"rendered":"https:\/\/novapodlaha.sk\/?post_type=product&#038;p=2067"},"modified":"2023-01-26T21:22:54","modified_gmt":"2023-01-26T21:22:54","slug":"afirmax-legnar-dub-hartford-cle-41822","status":"publish","type":"product","link":"https:\/\/novapodlaha.sk\/index.php\/product\/afirmax-legnar-dub-hartford-cle-41822\/","title":{"rendered":"Afirmax Legnar Dub Hartford CLE41822"},"content":{"rendered":"<h2 style=\"text-align: left;\"><span style=\"color: #993366;\"><strong>Afirmax Legnar Dub Hartford CLE41822<\/strong><\/span><\/h2>\n<p><b>SPC kompozitn\u00e1 podlaha Afirmax Legnar<\/b>\u00a0Dub Hartford patr\u00ed v oblasti dizajnu k najmodernej\u0161\u00edm vychyt\u00e1vkam. Je ako stvoren\u00e1 pre otvoren\u00e9 plochy a prepojen\u00e9 izby. Vybran\u00fd drevodekor je in\u0161pirovan\u00fd \u0161kandin\u00e1vskym \u0161t\u00fdlom s japonsk\u00fdmi prvkami.<\/p>\n<p><strong>SPC kompozitn\u00e1 podlaha Afirmax Legnar Dub Hartford<\/strong> zaru\u010d\u00ed dokonal\u00e9 prepojenie izieb, ktor\u00e9 nemus\u00edte prede\u013eova\u0165 dilat\u00e1ciami. V\u010faka svojmu HD Mineral Core jadru s\u00fa podlahy Afirmax vysoko odoln\u00e9 a priestorovo stabiln\u00e9. To znamen\u00e1, \u017ee \u0148ou dok\u00e1\u017eete pokry\u0165 plochy a\u017e 200 m2 bez potreby dilat\u00e1cie. Dvojit\u00e1 vrchn\u00e1 UV vrstva zaru\u010duje vysok\u00fa kvalitu povrchu. Stredobodom ka\u017ed\u00e9ho domova je kuchy\u0148a s ob\u00fdvacou izbou. Pr\u00e1ve toto s\u00fa najviac prep\u00e1jan\u00e9 izby. Preto s\u00fa tieto podlahy ide\u00e1lnym rie\u0161en\u00edm aj do kuch\u00fd\u0148, kde podlahy prech\u00e1dzaj\u00fa n\u00e1ro\u010dn\u00fdm testom kvality. Vybran\u00e1 podlaha je vhodn\u00e1 na celoplo\u0161n\u00e9 lepenie alebo mont\u00e1\u017e pl\u00e1vaj\u00facou pokl\u00e1dkou.<\/p>\n<p><strong>SPC kompozitn\u00e1 podlaha Afirmax Legnar Dub Hartford<\/strong> je zlo\u017een\u00e9 z inovat\u00edvnej zmesy miner\u00e1lov a modern\u00fdch polym\u00e9rov zalo\u017een\u00fdch na uhl\u00edkov\u00fdch \u010dasticiach. Starostlivo zvolen\u00fd pomer zais\u0165uje optim\u00e1lny v\u00fdkon podlahy. Jadro HD Mineral Core tak poskytuje mimoriadnu \u017eivotnos\u0165. Sme radi, \u017ee si vyber\u00e1te to najlep\u0161ie, \u010do vo svete podl\u00e1h je. Pri t\u00fdchto podlah\u00e1ch nerob\u00edte kompromis medzi kvalitou produktu a kvalitn\u00fdm \u017eivotom. Podlahy Afirmax s\u00fa vyr\u00e1ban\u00e9 bez zm\u00e4k\u010dovadiel a ftal\u00e1tov, a to je presne to, \u010do chcete ma\u0165 ako s\u00fa\u010das\u0165 v\u00e1\u0161ho domova.<\/p>\n<p>Svojimi vlastnos\u0165ami sa zara\u010fuje medzi top produkty vo svojej triede:<\/p>\n<ul>\n<li>100% vodeodoln\u00e1<\/li>\n<li>Vysok\u00e1 rozmerov\u00e1 st\u00e1los\u0165 podlahy<\/li>\n<li>Ide\u00e1lna pre otvoren\u00e9 a prepojen\u00e9 priestory<\/li>\n<li>Vhodn\u00e1 na podlahov\u00e9 k\u00farenie<\/li>\n<li>Pokl\u00e1dka pl\u00e1vaj\u00facim syst\u00e9m &#8211; extr\u00e9mne siln\u00fd klik syst\u00e9m<\/li>\n<li>4V dr\u00e1\u017eka s novou skosenou \u00fapravou<\/li>\n<li>N\u00e1\u0161lapn\u00e1 vrstva a\u017e 0,55 mm &#8211; vhodn\u00e1 do frekventovan\u00fdch komer\u010dn\u00fdch priestorov<\/li>\n<li>Autentick\u00e1 \u00faprava povrchu &#8211; \u0161trukt\u00fara dreva<\/li>\n<\/ul>\n<p><span style=\"font-size: 16px;\">Vybran\u00fd model Dub Hartford je v dizajne drevodekoru. \u0160trukt\u00fara dreva je aj na dotyk re\u00e1lna, je vidite\u013en\u00e1 vo\u013en\u00fdm okom pri priamom dopade svetla. Kone\u010dn\u00e1 matn\u00e1 \u00faprava len pod\u010diarkuje pr\u00edrodn\u00fd vzh\u013ead. Jednoducho, dokonalos\u0165 v celej svojej kr\u00e1se.<\/span><\/p>\n<h5 style=\"text-align: center;\">Pri objedn\u00e1vke nad 180 Eur s DPH zabezpe\u010dujeme DOPRAVU ZDARMA V R\u00c1MCI CELEJ SR<\/h5>\n","protected":false},"excerpt":{"rendered":"<h5><span style=\"color: #993366;\">Uveden\u00e1 cena je za 1 balenie = 2,235 m2 (cena za m2 = 26,90 Eur)<\/span><\/h5>\n<p>Vyberte si po\u010det balen\u00ed<\/p>\n<ul>\n<li>Kompozitn\u00e1 podlaha<\/li>\n<li>Form\u00e1t: 1220 x 229 x 4,0 mm<\/li>\n<li>Trieda z\u00e1\u0165a\u017ee: 23\/33<\/li>\n<li>Vzor: 1 &#8211; lamela<\/li>\n<li>Dr\u00e1\u017eka &#8211; 4V<\/li>\n<\/ul>\n","protected":false},"featured_media":2070,"comment_status":"open","ping_status":"closed","template":"","meta":{"_uag_custom_page_level_css":"","site-sidebar-layout":"default","site-content-layout":"default","ast-global-header-display":"","ast-main-header-display":"","ast-hfb-above-header-display":"","ast-hfb-below-header-display":"","ast-hfb-mobile-header-display":"","site-post-title":"","ast-breadcrumbs-content":"","ast-featured-img":"","footer-sml-layout":"","theme-transparent-header-meta":"default","adv-header-id-meta":"","stick-header-meta":"default","header-above-stick-meta":"","header-main-stick-meta":"","header-below-stick-meta":""},"product_cat":[55],"product_tag":[67,61,63,60,62,64],"yoast_head":"<!-- This site is optimized with the Yoast SEO plugin v21.5 - https:\/\/yoast.com\/wordpress\/plugins\/seo\/ -->\n<title>Afirmax Legnar Dub Hartford | 26,90 Eur\/m2<\/title>\n<meta name=\"description\" content=\"Afirmax Legnar Dub Hartford CLE41822 | 26,90 Eur\/m2 | kompozitn\u00e1 podlaha | Dovoz ZDARMA V SR | +421 911 190 227 | obchod@novapodlaha.sk\" \/>\n<meta name=\"robots\" content=\"index, follow, max-snippet:-1, max-image-preview:large, max-video-preview:-1\" \/>\n<link rel=\"canonical\" href=\"https:\/\/novapodlaha.sk\/index.php\/product\/afirmax-legnar-dub-hartford-cle-41822\/\" \/>\n<meta property=\"og:locale\" content=\"sk_SK\" \/>\n<meta property=\"og:type\" content=\"article\" \/>\n<meta property=\"og:title\" content=\"Afirmax Legnar Dub Hartford CLE41822 | 25,90 Eur\/m2\" \/>\n<meta property=\"og:description\" content=\"Afirmax Legnar Dub Hartford CLE41822 | 25,90 Eur\/m2 | kompozitn\u00e1 podlaha | Dovoz ZDARMA V SR | +421 911 190 227 | obchod@novapodlaha.sk\" \/>\n<meta property=\"og:url\" content=\"https:\/\/novapodlaha.sk\/index.php\/product\/afirmax-legnar-dub-hartford-cle-41822\/\" \/>\n<meta property=\"og:site_name\" content=\"Nova podlaha\" \/>\n<meta property=\"article:modified_time\" content=\"2023-01-26T21:22:54+00:00\" \/>\n<meta property=\"og:image\" content=\"https:\/\/novapodlaha.sk\/wp-content\/uploads\/2023\/01\/afirmax_legnar_dub_hartford.jpeg\" \/>\n\t<meta property=\"og:image:width\" content=\"1200\" \/>\n\t<meta property=\"og:image:height\" content=\"1200\" \/>\n\t<meta property=\"og:image:type\" content=\"image\/jpeg\" \/>\n<meta name=\"twitter:card\" content=\"summary_large_image\" \/>\n<meta name=\"twitter:label1\" content=\"Predpokladan\u00fd \u010das \u010d\u00edtania\" \/>\n\t<meta name=\"twitter:data1\" content=\"2 min\u00faty\" \/>\n<script type=\"application\/ld+json\" class=\"yoast-schema-graph\">{\"@context\":\"https:\/\/schema.org\",\"@graph\":[{\"@type\":\"WebPage\",\"@id\":\"https:\/\/novapodlaha.sk\/index.php\/product\/afirmax-legnar-dub-hartford-cle-41822\/\",\"url\":\"https:\/\/novapodlaha.sk\/index.php\/product\/afirmax-legnar-dub-hartford-cle-41822\/\",\"name\":\"Afirmax Legnar Dub Hartford | 26,90 Eur\/m2\",\"isPartOf\":{\"@id\":\"https:\/\/novapodlaha.sk\/#website\"},\"datePublished\":\"2023-01-26T20:18:34+00:00\",\"dateModified\":\"2023-01-26T21:22:54+00:00\",\"description\":\"Afirmax Legnar Dub Hartford CLE41822 | 26,90 Eur\/m2 | kompozitn\u00e1 podlaha | Dovoz ZDARMA V SR | +421 911 190 227 | obchod@novapodlaha.sk\",\"breadcrumb\":{\"@id\":\"https:\/\/novapodlaha.sk\/index.php\/product\/afirmax-legnar-dub-hartford-cle-41822\/#breadcrumb\"},\"inLanguage\":\"sk-SK\",\"potentialAction\":[{\"@type\":\"ReadAction\",\"target\":[\"https:\/\/novapodlaha.sk\/index.php\/product\/afirmax-legnar-dub-hartford-cle-41822\/\"]}]},{\"@type\":\"BreadcrumbList\",\"@id\":\"https:\/\/novapodlaha.sk\/index.php\/product\/afirmax-legnar-dub-hartford-cle-41822\/#breadcrumb\",\"itemListElement\":[{\"@type\":\"ListItem\",\"position\":1,\"name\":\"Home\",\"item\":\"https:\/\/novapodlaha.sk\/\"},{\"@type\":\"ListItem\",\"position\":2,\"name\":\"OBCHOD\",\"item\":\"https:\/\/novapodlaha.sk\/index.php\/store\/\"},{\"@type\":\"ListItem\",\"position\":3,\"name\":\"Afirmax Legnar Dub Hartford CLE41822\"}]},{\"@type\":\"WebSite\",\"@id\":\"https:\/\/novapodlaha.sk\/#website\",\"url\":\"https:\/\/novapodlaha.sk\/\",\"name\":\"Nova podlaha\",\"description\":\"\",\"publisher\":{\"@id\":\"https:\/\/novapodlaha.sk\/#organization\"},\"potentialAction\":[{\"@type\":\"SearchAction\",\"target\":{\"@type\":\"EntryPoint\",\"urlTemplate\":\"https:\/\/novapodlaha.sk\/?s={search_term_string}\"},\"query-input\":\"required name=search_term_string\"}],\"inLanguage\":\"sk-SK\"},{\"@type\":\"Organization\",\"@id\":\"https:\/\/novapodlaha.sk\/#organization\",\"name\":\"Nova podlaha\",\"url\":\"https:\/\/novapodlaha.sk\/\",\"logo\":{\"@type\":\"ImageObject\",\"inLanguage\":\"sk-SK\",\"@id\":\"https:\/\/novapodlaha.sk\/#\/schema\/logo\/image\/\",\"url\":\"https:\/\/novapodlaha.sk\/wp-content\/uploads\/2022\/12\/cropped-cierne_180.png\",\"contentUrl\":\"https:\/\/novapodlaha.sk\/wp-content\/uploads\/2022\/12\/cropped-cierne_180.png\",\"width\":73,\"height\":71,\"caption\":\"Nova podlaha\"},\"image\":{\"@id\":\"https:\/\/novapodlaha.sk\/#\/schema\/logo\/image\/\"}}]}<\/script>\n<!-- \/ Yoast SEO plugin. -->","yoast_head_json":{"title":"Afirmax Legnar Dub Hartford | 26,90 Eur\/m2","description":"Afirmax Legnar Dub Hartford CLE41822 | 26,90 Eur\/m2 | kompozitn\u00e1 podlaha | Dovoz ZDARMA V SR | +421 911 190 227 | obchod@novapodlaha.sk","robots":{"index":"index","follow":"follow","max-snippet":"max-snippet:-1","max-image-preview":"max-image-preview:large","max-video-preview":"max-video-preview:-1"},"canonical":"https:\/\/novapodlaha.sk\/index.php\/product\/afirmax-legnar-dub-hartford-cle-41822\/","og_locale":"sk_SK","og_type":"article","og_title":"Afirmax Legnar Dub Hartford CLE41822 | 25,90 Eur\/m2","og_description":"Afirmax Legnar Dub Hartford CLE41822 | 25,90 Eur\/m2 | kompozitn\u00e1 podlaha | Dovoz ZDARMA V SR | +421 911 190 227 | obchod@novapodlaha.sk","og_url":"https:\/\/novapodlaha.sk\/index.php\/product\/afirmax-legnar-dub-hartford-cle-41822\/","og_site_name":"Nova podlaha","article_modified_time":"2023-01-26T21:22:54+00:00","og_image":[{"width":1200,"height":1200,"url":"https:\/\/novapodlaha.sk\/wp-content\/uploads\/2023\/01\/afirmax_legnar_dub_hartford.jpeg","type":"image\/jpeg"}],"twitter_card":"summary_large_image","twitter_misc":{"Predpokladan\u00fd \u010das \u010d\u00edtania":"2 min\u00faty"},"schema":{"@context":"https:\/\/schema.org","@graph":[{"@type":"WebPage","@id":"https:\/\/novapodlaha.sk\/index.php\/product\/afirmax-legnar-dub-hartford-cle-41822\/","url":"https:\/\/novapodlaha.sk\/index.php\/product\/afirmax-legnar-dub-hartford-cle-41822\/","name":"Afirmax Legnar Dub Hartford | 26,90 Eur\/m2","isPartOf":{"@id":"https:\/\/novapodlaha.sk\/#website"},"datePublished":"2023-01-26T20:18:34+00:00","dateModified":"2023-01-26T21:22:54+00:00","description":"Afirmax Legnar Dub Hartford CLE41822 | 26,90 Eur\/m2 | kompozitn\u00e1 podlaha | Dovoz ZDARMA V SR | +421 911 190 227 | obchod@novapodlaha.sk","breadcrumb":{"@id":"https:\/\/novapodlaha.sk\/index.php\/product\/afirmax-legnar-dub-hartford-cle-41822\/#breadcrumb"},"inLanguage":"sk-SK","potentialAction":[{"@type":"ReadAction","target":["https:\/\/novapodlaha.sk\/index.php\/product\/afirmax-legnar-dub-hartford-cle-41822\/"]}]},{"@type":"BreadcrumbList","@id":"https:\/\/novapodlaha.sk\/index.php\/product\/afirmax-legnar-dub-hartford-cle-41822\/#breadcrumb","itemListElement":[{"@type":"ListItem","position":1,"name":"Home","item":"https:\/\/novapodlaha.sk\/"},{"@type":"ListItem","position":2,"name":"OBCHOD","item":"https:\/\/novapodlaha.sk\/index.php\/store\/"},{"@type":"ListItem","position":3,"name":"Afirmax Legnar Dub Hartford CLE41822"}]},{"@type":"WebSite","@id":"https:\/\/novapodlaha.sk\/#website","url":"https:\/\/novapodlaha.sk\/","name":"Nova podlaha","description":"","publisher":{"@id":"https:\/\/novapodlaha.sk\/#organization"},"potentialAction":[{"@type":"SearchAction","target":{"@type":"EntryPoint","urlTemplate":"https:\/\/novapodlaha.sk\/?s={search_term_string}"},"query-input":"required name=search_term_string"}],"inLanguage":"sk-SK"},{"@type":"Organization","@id":"https:\/\/novapodlaha.sk\/#organization","name":"Nova podlaha","url":"https:\/\/novapodlaha.sk\/","logo":{"@type":"ImageObject","inLanguage":"sk-SK","@id":"https:\/\/novapodlaha.sk\/#\/schema\/logo\/image\/","url":"https:\/\/novapodlaha.sk\/wp-content\/uploads\/2022\/12\/cropped-cierne_180.png","contentUrl":"https:\/\/novapodlaha.sk\/wp-content\/uploads\/2022\/12\/cropped-cierne_180.png","width":73,"height":71,"caption":"Nova podlaha"},"image":{"@id":"https:\/\/novapodlaha.sk\/#\/schema\/logo\/image\/"}}]}},"jetpack_sharing_enabled":true,"uagb_featured_image_src":{"full":["https:\/\/novapodlaha.sk\/wp-content\/uploads\/2023\/01\/afirmax_legnar_dub_hartford.jpeg",1200,1200,false],"thumbnail":["https:\/\/novapodlaha.sk\/wp-content\/uploads\/2023\/01\/afirmax_legnar_dub_hartford-150x150.jpeg",150,150,true],"medium":["https:\/\/novapodlaha.sk\/wp-content\/uploads\/2023\/01\/afirmax_legnar_dub_hartford-300x300.jpeg",300,300,true],"medium_large":["https:\/\/novapodlaha.sk\/wp-content\/uploads\/2023\/01\/afirmax_legnar_dub_hartford-768x768.jpeg",768,768,true],"large":["https:\/\/novapodlaha.sk\/wp-content\/uploads\/2023\/01\/afirmax_legnar_dub_hartford-1024x1024.jpeg",1024,1024,true],"1536x1536":["https:\/\/novapodlaha.sk\/wp-content\/uploads\/2023\/01\/afirmax_legnar_dub_hartford.jpeg",1200,1200,false],"2048x2048":["https:\/\/novapodlaha.sk\/wp-content\/uploads\/2023\/01\/afirmax_legnar_dub_hartford.jpeg",1200,1200,false],"trp-custom-language-flag":["https:\/\/novapodlaha.sk\/wp-content\/uploads\/2023\/01\/afirmax_legnar_dub_hartford-12x12.jpeg",12,12,true],"woocommerce_thumbnail":["https:\/\/novapodlaha.sk\/wp-content\/uploads\/2023\/01\/afirmax_legnar_dub_hartford-300x300.jpeg",300,300,true],"woocommerce_single":["https:\/\/novapodlaha.sk\/wp-content\/uploads\/2023\/01\/afirmax_legnar_dub_hartford-600x600.jpeg",600,600,true],"woocommerce_gallery_thumbnail":["https:\/\/novapodlaha.sk\/wp-content\/uploads\/2023\/01\/afirmax_legnar_dub_hartford-100x100.jpeg",100,100,true]},"uagb_author_info":{"display_name":"NovaPodlaha","author_link":"https:\/\/novapodlaha.sk\/index.php\/author\/"},"uagb_comment_info":1,"uagb_excerpt":"Uveden\u00e1 cena je za 1 balenie = 2,235 m2 (cena za m2 = 26,90 Eur) Vyberte si po\u010det balen\u00ed Kompozitn\u00e1 podlaha Form\u00e1t: 1220 x 229 x 4,0 mm Trieda z\u00e1\u0165a\u017ee: 23\/33 Vzor: 1 - lamela Dr\u00e1\u017eka - 4V","jetpack-related-posts":[{"id":2071,"url":"https:\/\/novapodlaha.sk\/index.php\/product\/afirmax-biclick-dub-scandinavian-cbc-41022\/","url_meta":{"origin":2067,"position":0},"title":"Afirmax BiClick Dub Scandinavian CBC41022 + podlo\u017eka ZDARMA","author":"NovaPodlaha","date":"26 janu\u00e1ra, 2023","format":false,"excerpt":"Uveden\u00e1 cena je za 1 balenie = 2,196 m2 (cena za m2 = 25,90 Eur) Vyberte si po\u010det balen\u00ed Kompozitn\u00e1 podlaha + podlo\u017eka LVT Protector ZDARMA* Form\u00e1t: 1220 x 180 x 4,0 mm Trieda z\u00e1\u0165a\u017ee: 23\/32 Vzor: 1 - lamela Dr\u00e1\u017eka - bez","rel":"","context":"Podobn\u00fd pr\u00edspevok","block_context":{"text":"Podobn\u00fd pr\u00edspevok","link":""},"img":{"alt_text":"Afirmax BiClick Dub Scandinavian CBC41022 | kompozitn\u00e1 podlaha | novapodlaha.sk","src":"https:\/\/i0.wp.com\/novapodlaha.sk\/wp-content\/uploads\/2023\/01\/afirmax_biclick_dub_scandinavian.jpeg?resize=350%2C200&ssl=1","width":350,"height":200,"srcset":"https:\/\/i0.wp.com\/novapodlaha.sk\/wp-content\/uploads\/2023\/01\/afirmax_biclick_dub_scandinavian.jpeg?resize=350%2C200&ssl=1 1x, https:\/\/i0.wp.com\/novapodlaha.sk\/wp-content\/uploads\/2023\/01\/afirmax_biclick_dub_scandinavian.jpeg?resize=525%2C300&ssl=1 1.5x, https:\/\/i0.wp.com\/novapodlaha.sk\/wp-content\/uploads\/2023\/01\/afirmax_biclick_dub_scandinavian.jpeg?resize=700%2C400&ssl=1 2x, https:\/\/i0.wp.com\/novapodlaha.sk\/wp-content\/uploads\/2023\/01\/afirmax_biclick_dub_scandinavian.jpeg?resize=1050%2C600&ssl=1 3x"},"classes":[]},{"id":2048,"url":"https:\/\/novapodlaha.sk\/index.php\/product\/parador-spc-1743003-dub-memory-prirodny\/","url_meta":{"origin":2067,"position":1},"title":"Parador SPC 1743003 Dub Memory pr\u00edrodn\u00fd + paroz\u00e1brana ZDARMA","author":"NovaPodlaha","date":"25 janu\u00e1ra, 2023","format":false,"excerpt":"Uveden\u00e1 cena je za 1 balenie = 2,176 m2 (cena za m2 = 32,99 Eur) Vyberte si po\u010det balen\u00ed Kompozitn\u00e1 podlaha + paroz\u00e1brana ZDARMA* Form\u00e1t: 1209 x 225 x 5,3 mm Trieda z\u00e1\u0165a\u017ee: 23\/31 Vzor: 1 - lamela Dr\u00e1\u017eka - Mini 4V","rel":"","context":"Podobn\u00fd pr\u00edspevok","block_context":{"text":"Podobn\u00fd pr\u00edspevok","link":""},"img":{"alt_text":"SPC Dub Memory pr\u00edrodn\u00fd 1743003 | kompozitn\u00e1 podlaha | novapodlaha.sk","src":"https:\/\/i0.wp.com\/novapodlaha.sk\/wp-content\/uploads\/2023\/01\/1734004_dub_memory_prirodny-1.jpeg?resize=350%2C200&ssl=1","width":350,"height":200,"srcset":"https:\/\/i0.wp.com\/novapodlaha.sk\/wp-content\/uploads\/2023\/01\/1734004_dub_memory_prirodny-1.jpeg?resize=350%2C200&ssl=1 1x, https:\/\/i0.wp.com\/novapodlaha.sk\/wp-content\/uploads\/2023\/01\/1734004_dub_memory_prirodny-1.jpeg?resize=525%2C300&ssl=1 1.5x, https:\/\/i0.wp.com\/novapodlaha.sk\/wp-content\/uploads\/2023\/01\/1734004_dub_memory_prirodny-1.jpeg?resize=700%2C400&ssl=1 2x, https:\/\/i0.wp.com\/novapodlaha.sk\/wp-content\/uploads\/2023\/01\/1734004_dub_memory_prirodny-1.jpeg?resize=1050%2C600&ssl=1 3x"},"classes":[]},{"id":1215,"url":"https:\/\/novapodlaha.sk\/index.php\/product\/parador_modular_one_1730766_dub_pure_prirodny\/","url_meta":{"origin":2067,"position":2},"title":"Parador Modular ONE 1730766 Dub Pure pr\u00edrodn\u00fd + paroz\u00e1brana ZDARMA","author":"NovaPodlaha","date":"17 febru\u00e1ra, 2020","format":false,"excerpt":"Uveden\u00e1 cena je za 1 balenie = 2,493 m2 (cena za m2 = 37,90 Eur) Vyberte si po\u010det balen\u00ed Kompozitn\u00e1 podlaha + paroz\u00e1brana ZDARMA Form\u00e1t: 1285 x 194 x 8 mm Trieda z\u00e1\u0165a\u017ee: 23\/33 Vzor: 1 - lamela Dr\u00e1\u017eka - Mini 4V","rel":"","context":"Podobn\u00fd pr\u00edspevok","block_context":{"text":"Podobn\u00fd pr\u00edspevok","link":""},"img":{"alt_text":"Modular One Dub Pure pr\u00edrodn\u00fd 1730766 | kompozitn\u00e1 podlaha | novapodlaha.sk","src":"https:\/\/i0.wp.com\/novapodlaha.sk\/wp-content\/uploads\/2023\/01\/1730766_dub_pure_prirodny.png?resize=350%2C200&ssl=1","width":350,"height":200,"srcset":"https:\/\/i0.wp.com\/novapodlaha.sk\/wp-content\/uploads\/2023\/01\/1730766_dub_pure_prirodny.png?resize=350%2C200&ssl=1 1x, https:\/\/i0.wp.com\/novapodlaha.sk\/wp-content\/uploads\/2023\/01\/1730766_dub_pure_prirodny.png?resize=525%2C300&ssl=1 1.5x, https:\/\/i0.wp.com\/novapodlaha.sk\/wp-content\/uploads\/2023\/01\/1730766_dub_pure_prirodny.png?resize=700%2C400&ssl=1 2x, https:\/\/i0.wp.com\/novapodlaha.sk\/wp-content\/uploads\/2023\/01\/1730766_dub_pure_prirodny.png?resize=1050%2C600&ssl=1 3x"},"classes":[]},{"id":2052,"url":"https:\/\/novapodlaha.sk\/index.php\/product\/egger-design-greentec-ehd027-dub-elva-biely\/","url_meta":{"origin":2067,"position":3},"title":"EGGER Design GreenTec Dub Elva biely EHD027 + paroz\u00e1brana ZDARMA","author":"NovaPodlaha","date":"25 janu\u00e1ra, 2023","format":false,"excerpt":"Uveden\u00e1 cena je za 1 balenie = 1,995 m2 (cena za m2 = 29,20 Eur) Vyberte si po\u010det balen\u00ed Kompozitn\u00e1 podlaha + paroz\u00e1brana ZDARMA* Form\u00e1t: 1292 x 193 x 7,5 mm Trieda z\u00e1\u0165a\u017ee: 23\/33 Vzor: 1 - lamela Dr\u00e1\u017eka - 4V","rel":"","context":"Podobn\u00fd pr\u00edspevok","block_context":{"text":"Podobn\u00fd pr\u00edspevok","link":""},"img":{"alt_text":"EGGER Design GreenTec Dub Elva biely EHD027 | kompozitn\u00e1 podlaha | novapodlaha.sk","src":"https:\/\/i0.wp.com\/novapodlaha.sk\/wp-content\/uploads\/2023\/01\/ehd027_dub_elva_biely-1.jpeg?resize=350%2C200&ssl=1","width":350,"height":200,"srcset":"https:\/\/i0.wp.com\/novapodlaha.sk\/wp-content\/uploads\/2023\/01\/ehd027_dub_elva_biely-1.jpeg?resize=350%2C200&ssl=1 1x, https:\/\/i0.wp.com\/novapodlaha.sk\/wp-content\/uploads\/2023\/01\/ehd027_dub_elva_biely-1.jpeg?resize=525%2C300&ssl=1 1.5x, https:\/\/i0.wp.com\/novapodlaha.sk\/wp-content\/uploads\/2023\/01\/ehd027_dub_elva_biely-1.jpeg?resize=700%2C400&ssl=1 2x, https:\/\/i0.wp.com\/novapodlaha.sk\/wp-content\/uploads\/2023\/01\/ehd027_dub_elva_biely-1.jpeg?resize=1050%2C600&ssl=1 3x"},"classes":[]},{"id":2056,"url":"https:\/\/novapodlaha.sk\/index.php\/product\/egger-design-greentec-dub-monfort-prirodny-ehd014\/","url_meta":{"origin":2067,"position":4},"title":"EGGER Design GreenTec Dub Monfort pr\u00edrodn\u00fd EHD014 + paroz\u00e1brana ZDARMA","author":"NovaPodlaha","date":"25 janu\u00e1ra, 2023","format":false,"excerpt":"Uveden\u00e1 cena je za 1 balenie = 1,995 m2 (cena za m2 = 25,90 Eur) Vyberte si po\u010det balen\u00ed Kompozitn\u00e1 podlaha + paroz\u00e1brana ZDARMA* Form\u00e1t: 1292 x 193 x 7,5 mm Trieda z\u00e1\u0165a\u017ee: 23\/33 Vzor: 1 - lamela Dr\u00e1\u017eka - mini 4V","rel":"","context":"Podobn\u00fd pr\u00edspevok","block_context":{"text":"Podobn\u00fd pr\u00edspevok","link":""},"img":{"alt_text":"EGGER Design GreenTec Dub Monfort pr\u00edrodn\u00fd EHD014 | kompozitn\u00e1 podlaha | novapodlaha.sk","src":"https:\/\/i0.wp.com\/novapodlaha.sk\/wp-content\/uploads\/2023\/01\/ehd014_dub_monfortd_prirodny-1.jpeg?resize=350%2C200&ssl=1","width":350,"height":200,"srcset":"https:\/\/i0.wp.com\/novapodlaha.sk\/wp-content\/uploads\/2023\/01\/ehd014_dub_monfortd_prirodny-1.jpeg?resize=350%2C200&ssl=1 1x, https:\/\/i0.wp.com\/novapodlaha.sk\/wp-content\/uploads\/2023\/01\/ehd014_dub_monfortd_prirodny-1.jpeg?resize=525%2C300&ssl=1 1.5x, https:\/\/i0.wp.com\/novapodlaha.sk\/wp-content\/uploads\/2023\/01\/ehd014_dub_monfortd_prirodny-1.jpeg?resize=700%2C400&ssl=1 2x, https:\/\/i0.wp.com\/novapodlaha.sk\/wp-content\/uploads\/2023\/01\/ehd014_dub_monfortd_prirodny-1.jpeg?resize=1050%2C600&ssl=1 3x"},"classes":[]}],"_links":{"self":[{"href":"https:\/\/novapodlaha.sk\/index.php\/wp-json\/wp\/v2\/product\/2067"}],"collection":[{"href":"https:\/\/novapodlaha.sk\/index.php\/wp-json\/wp\/v2\/product"}],"about":[{"href":"https:\/\/novapodlaha.sk\/index.php\/wp-json\/wp\/v2\/types\/product"}],"replies":[{"embeddable":true,"href":"https:\/\/novapodlaha.sk\/index.php\/wp-json\/wp\/v2\/comments?post=2067"}],"wp:featuredmedia":[{"embeddable":true,"href":"https:\/\/novapodlaha.sk\/index.php\/wp-json\/wp\/v2\/media\/2070"}],"wp:attachment":[{"href":"https:\/\/novapodlaha.sk\/index.php\/wp-json\/wp\/v2\/media?parent=2067"}],"wp:term":[{"taxonomy":"product_cat","embeddable":true,"href":"https:\/\/novapodlaha.sk\/index.php\/wp-json\/wp\/v2\/product_cat?post=2067"},{"taxonomy":"product_tag","embeddable":true,"href":"https:\/\/novapodlaha.sk\/index.php\/wp-json\/wp\/v2\/product_tag?post=2067"}],"curies":[{"name":"wp","href":"https:\/\/api.w.org\/{rel}","templated":true}]}}